{"id":34,"date":"2024-12-04T15:45:14","date_gmt":"2024-12-04T15:45:14","guid":{"rendered":"https:\/\/sunsandsrentals.com\/?page_id=34"},"modified":"2025-06-02T10:07:05","modified_gmt":"2025-06-02T10:07:05","slug":"discover-benalmadena","status":"publish","type":"page","link":"https:\/\/sunsandsrentals.com\/de\/discover-benalmadena\/","title":{"rendered":"Benalm\u00e1dena entdecken"},"content":{"rendered":"<div data-elementor-type=\"wp-page\" data-elementor-id=\"34\" class=\"elementor elementor-34\" data-elementor-post-type=\"page\">\n\t\t\t\t\t\t<section class=\"elementor-section elementor-top-section elementor-element elementor-element-8fb6396 elementor-section-boxed elementor-section-height-default elementor-section-height-default elementor-invisible\" data-id=\"8fb6396\" data-element_type=\"section\" data-e-type=\"section\" data-settings=\"{&quot;animation&quot;:&quot;fadeIn&quot;}\">\n\t\t\t\t\t\t<div class=\"elementor-container elementor-column-gap-default\">\n\t\t\t\t\t<div class=\"elementor-column elementor-col-50 elementor-top-column elementor-element elementor-element-39e2a7b\" data-id=\"39e2a7b\" data-element_type=\"column\" data-e-type=\"column\">\n\t\t\t<div class=\"elementor-widget-wrap elementor-element-populated\">\n\t\t\t\t\t\t<div class=\"elementor-element elementor-element-f93b409 elementor-widget elementor-widget-heading\" data-id=\"f93b409\" data-element_type=\"widget\" data-e-type=\"widget\" data-widget_type=\"heading.default\">\n\t\t\t\t<div class=\"elementor-widget-container\">\n\t\t\t\t\t<h1 class=\"elementor-heading-title elementor-size-default\">Benalm\u00e1dena entdecken<\/h1>\t\t\t\t<\/div>\n\t\t\t\t<\/div>\n\t\t\t\t<div class=\"elementor-element elementor-element-e0c2204 elementor-widget elementor-widget-text-editor\" data-id=\"e0c2204\" data-element_type=\"widget\" data-e-type=\"widget\" data-widget_type=\"text-editor.default\">\n\t\t\t\t<div class=\"elementor-widget-container\">\n\t\t\t\t\t\t\t\t\t<p><span style=\"font-weight: 400;\">An der sonnenverw\u00f6hnten Costa del Sol in S\u00fcdspanien gelegen, ist Benalm\u00e1dena ein Reiseziel, das alles f\u00fcr einen perfekten Urlaub bietet. Diese charmante Stadt vereint wundersch\u00f6ne Str\u00e4nde, reiche Kultur und eine entspannte mediterrane Atmosph\u00e4re, was sie zu einem beliebten Ort f\u00fcr Reisende aus aller Welt macht.<\/span><span style=\"font-weight: 400;\"><br \/><\/span><span style=\"font-weight: 400;\"><br \/><\/span><strong>Atemberaubende Str\u00e4nde<br \/><\/strong><span style=\"font-weight: 400;\">Mit mehr als 10 Kilometern goldener Sandstr\u00e4nde und kristallklarem Wasser ist Benalm\u00e1dena ein Paradies f\u00fcr Sonnenanbeter. Egal, ob Sie sich am ruhigen Strand von Malapesquera entspannen wollen oder die Lebendigkeit der Playa Arroyo de la Miel bevorzugen, es gibt f\u00fcr jeden einen Strand. Die Promenade entlang der K\u00fcste l\u00e4dt zu entspannten Spazierg\u00e4ngen ein, bei denen man den Blick auf das Mittelmeer genie\u00dfen kann.<\/span><\/p>\t\t\t\t\t\t\t\t<\/div>\n\t\t\t\t<\/div>\n\t\t\t\t\t<\/div>\n\t\t<\/div>\n\t\t\t\t<div class=\"elementor-column elementor-col-50 elementor-top-column elementor-element elementor-element-766bccd\" data-id=\"766bccd\" data-element_type=\"column\" data-e-type=\"column\">\n\t\t\t<div class=\"elementor-widget-wrap elementor-element-populated\">\n\t\t\t\t\t\t<div class=\"elementor-element elementor-element-854aec2 elementor-widget elementor-widget-image\" data-id=\"854aec2\" data-element_type=\"widget\" data-e-type=\"widget\" data-widget_type=\"image.default\">\n\t\t\t\t<div class=\"elementor-widget-container\">\n\t\t\t\t\t\t\t\t\t\t\t\t\t\t\t<img fetchpriority=\"high\" decoding=\"async\" width=\"800\" height=\"800\" src=\"https:\/\/sunsandsrentals.com\/wp-content\/uploads\/2025\/01\/Benalmadena-Beach.jpg\" class=\"attachment-large size-large wp-image-70\" alt=\"\" srcset=\"https:\/\/sunsandsrentals.com\/wp-content\/uploads\/2025\/01\/Benalmadena-Beach.jpg 800w, https:\/\/sunsandsrentals.com\/wp-content\/uploads\/2025\/01\/Benalmadena-Beach-300x300.jpg 300w, https:\/\/sunsandsrentals.com\/wp-content\/uploads\/2025\/01\/Benalmadena-Beach-150x150.jpg 150w, https:\/\/sunsandsrentals.com\/wp-content\/uploads\/2025\/01\/Benalmadena-Beach-768x768.jpg 768w, https:\/\/sunsandsrentals.com\/wp-content\/uploads\/2025\/01\/Benalmadena-Beach-75x75.jpg 75w\" sizes=\"(max-width: 800px) 100vw, 800px\" \/>\t\t\t\t\t\t\t\t\t\t\t\t\t\t\t<\/div>\n\t\t\t\t<\/div>\n\t\t\t\t\t<\/div>\n\t\t<\/div>\n\t\t\t\t\t<\/div>\n\t\t<\/section>\n\t\t\t\t<section class=\"elementor-section elementor-top-section elementor-element elementor-element-2847ddd elementor-section-boxed elementor-section-height-default elementor-section-height-default elementor-invisible\" data-id=\"2847ddd\" data-element_type=\"section\" data-e-type=\"section\" data-settings=\"{&quot;animation&quot;:&quot;fadeIn&quot;}\">\n\t\t\t\t\t\t<div class=\"elementor-container elementor-column-gap-default\">\n\t\t\t\t\t<div class=\"elementor-column elementor-col-50 elementor-top-column elementor-element elementor-element-3b7d246\" data-id=\"3b7d246\" data-element_type=\"column\" data-e-type=\"column\">\n\t\t\t<div class=\"elementor-widget-wrap elementor-element-populated\">\n\t\t\t\t\t\t<div class=\"elementor-element elementor-element-33f47dd elementor-widget elementor-widget-image\" data-id=\"33f47dd\" data-element_type=\"widget\" data-e-type=\"widget\" data-widget_type=\"image.default\">\n\t\t\t\t<div class=\"elementor-widget-container\">\n\t\t\t\t\t\t\t\t\t\t\t\t\t\t\t<img decoding=\"async\" width=\"800\" height=\"800\" src=\"https:\/\/sunsandsrentals.com\/wp-content\/uploads\/2025\/01\/Benalmadena-Beach-1.jpg\" class=\"attachment-large size-large wp-image-100\" alt=\"\" srcset=\"https:\/\/sunsandsrentals.com\/wp-content\/uploads\/2025\/01\/Benalmadena-Beach-1.jpg 800w, https:\/\/sunsandsrentals.com\/wp-content\/uploads\/2025\/01\/Benalmadena-Beach-1-300x300.jpg 300w, https:\/\/sunsandsrentals.com\/wp-content\/uploads\/2025\/01\/Benalmadena-Beach-1-150x150.jpg 150w, https:\/\/sunsandsrentals.com\/wp-content\/uploads\/2025\/01\/Benalmadena-Beach-1-768x768.jpg 768w, https:\/\/sunsandsrentals.com\/wp-content\/uploads\/2025\/01\/Benalmadena-Beach-1-75x75.jpg 75w\" sizes=\"(max-width: 800px) 100vw, 800px\" \/>\t\t\t\t\t\t\t\t\t\t\t\t\t\t\t<\/div>\n\t\t\t\t<\/div>\n\t\t\t\t\t<\/div>\n\t\t<\/div>\n\t\t\t\t<div class=\"elementor-column elementor-col-50 elementor-top-column elementor-element elementor-element-642216a\" data-id=\"642216a\" data-element_type=\"column\" data-e-type=\"column\">\n\t\t\t<div class=\"elementor-widget-wrap elementor-element-populated\">\n\t\t\t\t\t\t<div class=\"elementor-element elementor-element-2dee517 elementor-widget elementor-widget-heading\" data-id=\"2dee517\" data-element_type=\"widget\" data-e-type=\"widget\" data-widget_type=\"heading.default\">\n\t\t\t\t<div class=\"elementor-widget-container\">\n\t\t\t\t\t<h2 class=\"elementor-heading-title elementor-size-default\">Sehensw\u00fcrdigkeiten<\/h2>\t\t\t\t<\/div>\n\t\t\t\t<\/div>\n\t\t\t\t<div class=\"elementor-element elementor-element-be9b4a1 elementor-widget elementor-widget-text-editor\" data-id=\"be9b4a1\" data-element_type=\"widget\" data-e-type=\"widget\" data-widget_type=\"text-editor.default\">\n\t\t\t\t<div class=\"elementor-widget-container\">\n\t\t\t\t\t\t\t\t\t<p><span style=\"font-weight: 400;\">Benalm\u00e1dena ist mehr als nur ein Strandort. Das historische alte Dorf, bekannt als Benalm\u00e1dena Pueblo, ist ein malerischer Ort voller wei\u00dfer H\u00e4user, enger Gassen und bunter Blumen. Besuchen Sie die Stupa der Erleuchtung, die gr\u00f6\u00dfte buddhistische Stupa Europas, oder entdecken Sie das Castillo de Colomares, eine beeindruckende Burg, die zu Ehren der Entdeckungsreisen von Kolumbus errichtet wurde.<\/span><span style=\"font-weight: 400;\"><br \/><\/span><span style=\"font-weight: 400;\"><br \/><\/span><strong>Eine Welt voller Abenteuer<br \/><\/strong><span style=\"font-weight: 400;\">F\u00fcr Familien und Abenteurer bietet Benalm\u00e1dena eine F\u00fclle von Aktivit\u00e4ten. Der ber\u00fchmte Vergn\u00fcgungspark Tivoli World und der interaktive Jachthafen Selwo machen die Stadt zu einem Paradies f\u00fcr Kinder. Tierliebhaber k\u00f6nnen auch das Sea Life Aquarium besuchen, wo Sie die Meeresbewohner aus n\u00e4chster N\u00e4he bewundern k\u00f6nnen.<\/span><span style=\"font-weight: 400;\"><br \/><\/span><\/p>\t\t\t\t\t\t\t\t<\/div>\n\t\t\t\t<\/div>\n\t\t\t\t\t<\/div>\n\t\t<\/div>\n\t\t\t\t\t<\/div>\n\t\t<\/section>\n\t\t\t\t<section class=\"elementor-section elementor-top-section elementor-element elementor-element-454e7ba elementor-section-boxed elementor-section-height-default elementor-section-height-default elementor-invisible\" data-id=\"454e7ba\" data-element_type=\"section\" data-e-type=\"section\" data-settings=\"{&quot;animation&quot;:&quot;fadeIn&quot;}\">\n\t\t\t\t\t\t<div class=\"elementor-container elementor-column-gap-default\">\n\t\t\t\t\t<div class=\"elementor-column elementor-col-50 elementor-top-column elementor-element elementor-element-900ab29\" data-id=\"900ab29\" data-element_type=\"column\" data-e-type=\"column\">\n\t\t\t<div class=\"elementor-widget-wrap elementor-element-populated\">\n\t\t\t\t\t\t<div class=\"elementor-element elementor-element-f4f9bc7 elementor-widget elementor-widget-heading\" data-id=\"f4f9bc7\" data-element_type=\"widget\" data-e-type=\"widget\" data-widget_type=\"heading.default\">\n\t\t\t\t<div class=\"elementor-widget-container\">\n\t\t\t\t\t<h2 class=\"elementor-heading-title elementor-size-default\">Gem\u00fctlicher Hafen und Natur<\/h2>\t\t\t\t<\/div>\n\t\t\t\t<\/div>\n\t\t\t\t<div class=\"elementor-element elementor-element-2e84faa elementor-widget elementor-widget-text-editor\" data-id=\"2e84faa\" data-element_type=\"widget\" data-e-type=\"widget\" data-widget_type=\"text-editor.default\">\n\t\t\t\t<div class=\"elementor-widget-container\">\n\t\t\t\t\t\t\t\t\t<p><span style=\"font-weight: 400;\">Der luxuri\u00f6se Yachthafen von Benalm\u00e1dena, Puerto Marina, ist einer der sch\u00f6nsten in Europa. Hier finden Sie ausgezeichnete Restaurants, Bars und Gesch\u00e4fte, die alle einen herrlichen Blick auf die Boote bieten. F\u00fcr Naturliebhaber ist eine Fahrt mit der Seilbahn auf den Gipfel des Berges Calamorro ein Muss. Die Aussicht von hier aus ist spektakul\u00e4r und bietet einen Panoramablick \u00fcber die gesamte K\u00fcstenlinie.<br \/><br \/><strong>Das mediterrane Leben<\/strong><br \/>Benalm\u00e1dena bietet ein reichhaltiges kulinarisches Angebot mit traditionellen spanischen Gerichten wie frischen Meeresfr\u00fcchten, Paella und Tapas. Die entspannte Atmosph\u00e4re in den lokalen Restaurants und Caf\u00e9s gibt Ihnen das Gef\u00fchl, dass die Zeit f\u00fcr einen Moment stillsteht.<br \/><\/span><\/p>\t\t\t\t\t\t\t\t<\/div>\n\t\t\t\t<\/div>\n\t\t\t\t\t<\/div>\n\t\t<\/div>\n\t\t\t\t<div class=\"elementor-column elementor-col-50 elementor-top-column elementor-element elementor-element-884be6b\" data-id=\"884be6b\" data-element_type=\"column\" data-e-type=\"column\">\n\t\t\t<div class=\"elementor-widget-wrap elementor-element-populated\">\n\t\t\t\t\t\t<div class=\"elementor-element elementor-element-460e3b2 elementor-widget elementor-widget-image\" data-id=\"460e3b2\" data-element_type=\"widget\" data-e-type=\"widget\" data-widget_type=\"image.default\">\n\t\t\t\t<div class=\"elementor-widget-container\">\n\t\t\t\t\t\t\t\t\t\t\t\t\t\t\t<img decoding=\"async\" width=\"800\" height=\"800\" src=\"https:\/\/sunsandsrentals.com\/wp-content\/uploads\/2025\/01\/Benalmadena-Harbor.jpg\" class=\"attachment-large size-large wp-image-201\" alt=\"\" srcset=\"https:\/\/sunsandsrentals.com\/wp-content\/uploads\/2025\/01\/Benalmadena-Harbor.jpg 800w, https:\/\/sunsandsrentals.com\/wp-content\/uploads\/2025\/01\/Benalmadena-Harbor-300x300.jpg 300w, https:\/\/sunsandsrentals.com\/wp-content\/uploads\/2025\/01\/Benalmadena-Harbor-150x150.jpg 150w, https:\/\/sunsandsrentals.com\/wp-content\/uploads\/2025\/01\/Benalmadena-Harbor-768x768.jpg 768w, https:\/\/sunsandsrentals.com\/wp-content\/uploads\/2025\/01\/Benalmadena-Harbor-12x12.jpg 12w, https:\/\/sunsandsrentals.com\/wp-content\/uploads\/2025\/01\/Benalmadena-Harbor-75x75.jpg 75w\" sizes=\"(max-width: 800px) 100vw, 800px\" \/>\t\t\t\t\t\t\t\t\t\t\t\t\t\t\t<\/div>\n\t\t\t\t<\/div>\n\t\t\t\t\t<\/div>\n\t\t<\/div>\n\t\t\t\t\t<\/div>\n\t\t<\/section>\n\t\t\t\t<section class=\"elementor-section elementor-top-section elementor-element elementor-element-4221d27 elementor-section-boxed elementor-section-height-default elementor-section-height-default elementor-invisible\" data-id=\"4221d27\" data-element_type=\"section\" data-e-type=\"section\" data-settings=\"{&quot;animation&quot;:&quot;fadeIn&quot;}\">\n\t\t\t\t\t\t<div class=\"elementor-container elementor-column-gap-default\">\n\t\t\t\t\t<div class=\"elementor-column elementor-col-50 elementor-top-column elementor-element elementor-element-974ea1f\" data-id=\"974ea1f\" data-element_type=\"column\" data-e-type=\"column\">\n\t\t\t<div class=\"elementor-widget-wrap elementor-element-populated\">\n\t\t\t\t\t\t<div class=\"elementor-element elementor-element-e131666 elementor-widget elementor-widget-image\" data-id=\"e131666\" data-element_type=\"widget\" data-e-type=\"widget\" data-widget_type=\"image.default\">\n\t\t\t\t<div class=\"elementor-widget-container\">\n\t\t\t\t\t\t\t\t\t\t\t\t\t\t\t<img loading=\"lazy\" decoding=\"async\" width=\"1000\" height=\"1000\" src=\"https:\/\/sunsandsrentals.com\/wp-content\/uploads\/2025\/01\/Benalmadena-genieten.jpg\" class=\"attachment-large size-large wp-image-202\" alt=\"\" srcset=\"https:\/\/sunsandsrentals.com\/wp-content\/uploads\/2025\/01\/Benalmadena-genieten.jpg 1000w, https:\/\/sunsandsrentals.com\/wp-content\/uploads\/2025\/01\/Benalmadena-genieten-300x300.jpg 300w, https:\/\/sunsandsrentals.com\/wp-content\/uploads\/2025\/01\/Benalmadena-genieten-150x150.jpg 150w, https:\/\/sunsandsrentals.com\/wp-content\/uploads\/2025\/01\/Benalmadena-genieten-768x768.jpg 768w, https:\/\/sunsandsrentals.com\/wp-content\/uploads\/2025\/01\/Benalmadena-genieten-12x12.jpg 12w, https:\/\/sunsandsrentals.com\/wp-content\/uploads\/2025\/01\/Benalmadena-genieten-75x75.jpg 75w\" sizes=\"(max-width: 1000px) 100vw, 1000px\" \/>\t\t\t\t\t\t\t\t\t\t\t\t\t\t\t<\/div>\n\t\t\t\t<\/div>\n\t\t\t\t\t<\/div>\n\t\t<\/div>\n\t\t\t\t<div class=\"elementor-column elementor-col-50 elementor-top-column elementor-element elementor-element-00e6b4e\" data-id=\"00e6b4e\" data-element_type=\"column\" data-e-type=\"column\">\n\t\t\t<div class=\"elementor-widget-wrap elementor-element-populated\">\n\t\t\t\t\t\t<div class=\"elementor-element elementor-element-d795d86 elementor-widget elementor-widget-heading\" data-id=\"d795d86\" data-element_type=\"widget\" data-e-type=\"widget\" data-widget_type=\"heading.default\">\n\t\t\t\t<div class=\"elementor-widget-container\">\n\t\t\t\t\t<h2 class=\"elementor-heading-title elementor-size-default\">Das ganze Jahr \u00fcber genie\u00dfen<\/h2>\t\t\t\t<\/div>\n\t\t\t\t<\/div>\n\t\t\t\t<div class=\"elementor-element elementor-element-575ecd0 elementor-widget elementor-widget-text-editor\" data-id=\"575ecd0\" data-element_type=\"widget\" data-e-type=\"widget\" data-widget_type=\"text-editor.default\">\n\t\t\t\t<div class=\"elementor-widget-container\">\n\t\t\t\t\t\t\t\t\t<p><span style=\"font-weight: 400;\">Mit mehr als 300 Sonnentagen im Jahr und milden Temperaturen im Winter ist Benalm\u00e1dena ein ganzj\u00e4hriges Reiseziel. Ganz gleich, ob Sie die Sommersonne genie\u00dfen, die wundersch\u00f6ne Natur im Fr\u00fchling erkunden oder der Winterk\u00e4lte entfliehen m\u00f6chten, Benalm\u00e1dena hei\u00dft Sie immer herzlich willkommen.<\/span><\/p><p><strong>Warum warten?<\/strong><br \/>Benalm\u00e1dena ist ein Reiseziel, das jeden mit seiner Sch\u00f6nheit, Vielseitigkeit und Gastfreundschaft verzaubert. Ob Sie Entspannung, Abenteuer oder eine Mischung aus beidem suchen, dieses Juwel an der Costa del Sol bietet alles. Machen Sie Ihren n\u00e4chsten Urlaub zu einem unvergesslichen Erlebnis in Benalm\u00e1dena!<\/p>\t\t\t\t\t\t\t\t<\/div>\n\t\t\t\t<\/div>\n\t\t\t\t\t<\/div>\n\t\t<\/div>\n\t\t\t\t\t<\/div>\n\t\t<\/section>\n\t\t\t\t<section class=\"elementor-section elementor-top-section elementor-element elementor-element-3f3987b elementor-section-stretched elementor-section-boxed elementor-section-height-default elementor-section-height-default elementor-invisible\" data-id=\"3f3987b\" data-element_type=\"section\" data-e-type=\"section\" data-settings=\"{&quot;stretch_section&quot;:&quot;section-stretched&quot;,&quot;background_background&quot;:&quot;classic&quot;,&quot;animation&quot;:&quot;fadeIn&quot;}\">\n\t\t\t\t\t\t\t<div class=\"elementor-background-overlay\"><\/div>\n\t\t\t\t\t\t\t<div class=\"elementor-container elementor-column-gap-default\">\n\t\t\t\t\t<div class=\"elementor-column elementor-col-100 elementor-top-column elementor-element elementor-element-07a2e96\" data-id=\"07a2e96\" data-element_type=\"column\" data-e-type=\"column\">\n\t\t\t<div class=\"elementor-widget-wrap elementor-element-populated\">\n\t\t\t\t\t\t<div class=\"elementor-element elementor-element-0818606 elementor-widget elementor-widget-heading\" data-id=\"0818606\" data-element_type=\"widget\" data-e-type=\"widget\" data-widget_type=\"heading.default\">\n\t\t\t\t<div class=\"elementor-widget-container\">\n\t\t\t\t\t<h2 class=\"elementor-heading-title elementor-size-default\">M\u00f6chten Sie mehr dar\u00fcber erfahren?<\/h2>\t\t\t\t<\/div>\n\t\t\t\t<\/div>\n\t\t\t\t<div class=\"elementor-element elementor-element-7586d0f elementor-widget elementor-widget-text-editor\" data-id=\"7586d0f\" data-element_type=\"widget\" data-e-type=\"widget\" data-widget_type=\"text-editor.default\">\n\t\t\t\t<div class=\"elementor-widget-container\">\n\t\t\t\t\t\t\t\t\t<p>Sie suchen zum Beispiel weitere Informationen \u00fcber die Wohnungen, die Verf\u00fcgbarkeit oder die Umgebung? <br \/>Wir sind Ihnen gerne behilflich. Sie k\u00f6nnen uns \u00fcber die Kontaktseite unter kontaktieren:<\/p>\t\t\t\t\t\t\t\t<\/div>\n\t\t\t\t<\/div>\n\t\t\t\t<div class=\"elementor-element elementor-element-d492495 elementor-align-center elementor-widget elementor-widget-button\" data-id=\"d492495\" data-element_type=\"widget\" data-e-type=\"widget\" data-widget_type=\"button.default\">\n\t\t\t\t<div class=\"elementor-widget-container\">\n\t\t\t\t\t\t\t\t\t<div class=\"elementor-button-wrapper\">\n\t\t\t\t\t<a class=\"elementor-button elementor-button-link elementor-size-sm elementor-animation-grow\" href=\"https:\/\/sunsandsrentals.com\/de\/contact\/\">\n\t\t\t\t\t\t<span class=\"elementor-button-content-wrapper\">\n\t\t\t\t\t\t\t\t\t<span class=\"elementor-button-text\">Kontakt<\/span>\n\t\t\t\t\t<\/span>\n\t\t\t\t\t<\/a>\n\t\t\t\t<\/div>\n\t\t\t\t\t\t\t\t<\/div>\n\t\t\t\t<\/div>\n\t\t\t\t\t<\/div>\n\t\t<\/div>\n\t\t\t\t\t<\/div>\n\t\t<\/section>\n\t\t\t\t<\/div>","protected":false},"excerpt":{"rendered":"<p>Discover Benalm\u00e1dena Benalm\u00e1dena, gelegen aan de zonovergoten Costa del Sol in Zuid-Spanje, is een bestemming die alles biedt voor een perfecte vakantie. Dit charmante stadje combineert prachtige stranden, rijke cultuur en een ontspannen mediterrane sfeer, waardoor het een geliefde plek is voor reizigers van over de hele wereld. Adembenemende StrandenMet meer dan 10 kilometer aan [&hellip;]<\/p>\n","protected":false},"author":1,"featured_media":0,"parent":0,"menu_order":0,"comment_status":"closed","ping_status":"closed","template":"elementor_header_footer","meta":{"_genesis_hide_title":false,"_genesis_hide_breadcrumbs":false,"_genesis_hide_singular_image":false,"_genesis_hide_footer_widgets":false,"_genesis_custom_body_class":"","_genesis_custom_post_class":"","_genesis_layout":"","footnotes":""},"class_list":{"0":"post-34","1":"page","2":"type-page","3":"status-publish","5":"entry"},"_links":{"self":[{"href":"https:\/\/sunsandsrentals.com\/de\/wp-json\/wp\/v2\/pages\/34","targetHints":{"allow":["GET"]}}],"collection":[{"href":"https:\/\/sunsandsrentals.com\/de\/wp-json\/wp\/v2\/pages"}],"about":[{"href":"https:\/\/sunsandsrentals.com\/de\/wp-json\/wp\/v2\/types\/page"}],"author":[{"embeddable":true,"href":"https:\/\/sunsandsrentals.com\/de\/wp-json\/wp\/v2\/users\/1"}],"replies":[{"embeddable":true,"href":"https:\/\/sunsandsrentals.com\/de\/wp-json\/wp\/v2\/comments?post=34"}],"version-history":[{"count":23,"href":"https:\/\/sunsandsrentals.com\/de\/wp-json\/wp\/v2\/pages\/34\/revisions"}],"predecessor-version":[{"id":463,"href":"https:\/\/sunsandsrentals.com\/de\/wp-json\/wp\/v2\/pages\/34\/revisions\/463"}],"wp:attachment":[{"href":"https:\/\/sunsandsrentals.com\/de\/wp-json\/wp\/v2\/media?parent=34"}],"curies":[{"name":"wp","href":"https:\/\/api.w.org\/{rel}","templated":true}]}}