{"id":372,"date":"2025-05-27T13:45:55","date_gmt":"2025-05-27T13:45:55","guid":{"rendered":"https:\/\/sunsandsrentals.com\/?page_id=372"},"modified":"2025-06-02T10:02:20","modified_gmt":"2025-06-02T10:02:20","slug":"discover-la-carihuela","status":"publish","type":"page","link":"https:\/\/sunsandsrentals.com\/de\/discover-la-carihuela\/","title":{"rendered":"Entdecken Sie La Carihuela"},"content":{"rendered":"<div data-elementor-type=\"wp-page\" data-elementor-id=\"372\" class=\"elementor elementor-372\" data-elementor-post-type=\"page\">\n\t\t\t\t\t\t<section class=\"elementor-section elementor-top-section elementor-element elementor-element-276c135 elementor-section-boxed elementor-section-height-default elementor-section-height-default elementor-invisible\" data-id=\"276c135\" data-element_type=\"section\" data-e-type=\"section\" data-settings=\"{&quot;animation&quot;:&quot;fadeIn&quot;}\">\n\t\t\t\t\t\t<div class=\"elementor-container elementor-column-gap-default\">\n\t\t\t\t\t<div class=\"elementor-column elementor-col-50 elementor-top-column elementor-element elementor-element-2d1ad3f\" data-id=\"2d1ad3f\" data-element_type=\"column\" data-e-type=\"column\">\n\t\t\t<div class=\"elementor-widget-wrap elementor-element-populated\">\n\t\t\t\t\t\t<div class=\"elementor-element elementor-element-0d8a060 elementor-widget elementor-widget-heading\" data-id=\"0d8a060\" data-element_type=\"widget\" data-e-type=\"widget\" data-widget_type=\"heading.default\">\n\t\t\t\t<div class=\"elementor-widget-container\">\n\t\t\t\t\t<h1 class=\"elementor-heading-title elementor-size-default\">Entdecken Sie La Carihuela<\/h1>\t\t\t\t<\/div>\n\t\t\t\t<\/div>\n\t\t\t\t<div class=\"elementor-element elementor-element-0bfd845 elementor-widget elementor-widget-text-editor\" data-id=\"0bfd845\" data-element_type=\"widget\" data-e-type=\"widget\" data-widget_type=\"text-editor.default\">\n\t\t\t\t<div class=\"elementor-widget-container\">\n\t\t\t\t\t\t\t\t\t<p data-start=\"126\" data-end=\"462\">La Carihuela liegt im lebhaften Torremolinos an der Costa del Sol und ist ein charmanter Badeort mit einer reichen Geschichte, einer entspannten Atmosph\u00e4re und einem der besten Str\u00e4nde in S\u00fcdspanien. Einst ein ruhiges Fischerdorf, hat es sich heute zu einem beliebten Urlaubsziel entwickelt - ohne seinen authentischen Charakter zu verlieren.<\/p>\t\t\t\t\t\t\t\t<\/div>\n\t\t\t\t<\/div>\n\t\t\t\t<div class=\"elementor-element elementor-element-9ed3d14 elementor-widget elementor-widget-heading\" data-id=\"9ed3d14\" data-element_type=\"widget\" data-e-type=\"widget\" data-widget_type=\"heading.default\">\n\t\t\t\t<div class=\"elementor-widget-container\">\n\t\t\t\t\t<h2 class=\"elementor-heading-title elementor-size-default\">Sonne, Meer und der Boulevard<\/h2>\t\t\t\t<\/div>\n\t\t\t\t<\/div>\n\t\t\t\t<div class=\"elementor-element elementor-element-8dd95c3 elementor-widget elementor-widget-text-editor\" data-id=\"8dd95c3\" data-element_type=\"widget\" data-e-type=\"widget\" data-widget_type=\"text-editor.default\">\n\t\t\t\t<div class=\"elementor-widget-container\">\n\t\t\t\t\t\t\t\t\t<p data-start=\"503\" data-end=\"855\">Die weiten Sandstr\u00e4nde von La Carihuela geh\u00f6ren zu den sch\u00f6nsten der Region. Hier genie\u00dfen Sie kristallklares Wasser, Sonnenliegen unter sich wiegenden Palmen und gem\u00fctliche Strandbars in Laufn\u00e4he. Die breite Strandpromenade ist ideal f\u00fcr einen Morgenspaziergang oder einen romantischen Sonnenuntergang, mit vielen gem\u00fctlichen Terrassen, Gesch\u00e4ften und Tapas-Bars entlang des Weges.<\/p>\t\t\t\t\t\t\t\t<\/div>\n\t\t\t\t<\/div>\n\t\t\t\t\t<\/div>\n\t\t<\/div>\n\t\t\t\t<div class=\"elementor-column elementor-col-50 elementor-top-column elementor-element elementor-element-c9d72b9\" data-id=\"c9d72b9\" data-element_type=\"column\" data-e-type=\"column\">\n\t\t\t<div class=\"elementor-widget-wrap elementor-element-populated\">\n\t\t\t\t\t\t<div class=\"elementor-element elementor-element-5528fb2 elementor-widget elementor-widget-image\" data-id=\"5528fb2\" data-element_type=\"widget\" data-e-type=\"widget\" data-widget_type=\"image.default\">\n\t\t\t\t<div class=\"elementor-widget-container\">\n\t\t\t\t\t\t\t\t\t\t\t\t\t\t\t<img fetchpriority=\"high\" decoding=\"async\" width=\"800\" height=\"800\" src=\"https:\/\/sunsandsrentals.com\/wp-content\/uploads\/2025\/05\/Carihuela-1.jpg\" class=\"attachment-large size-large wp-image-382\" alt=\"\" srcset=\"https:\/\/sunsandsrentals.com\/wp-content\/uploads\/2025\/05\/Carihuela-1.jpg 800w, https:\/\/sunsandsrentals.com\/wp-content\/uploads\/2025\/05\/Carihuela-1-300x300.jpg 300w, https:\/\/sunsandsrentals.com\/wp-content\/uploads\/2025\/05\/Carihuela-1-150x150.jpg 150w, https:\/\/sunsandsrentals.com\/wp-content\/uploads\/2025\/05\/Carihuela-1-768x768.jpg 768w, https:\/\/sunsandsrentals.com\/wp-content\/uploads\/2025\/05\/Carihuela-1-75x75.jpg 75w\" sizes=\"(max-width: 800px) 100vw, 800px\" \/>\t\t\t\t\t\t\t\t\t\t\t\t\t\t\t<\/div>\n\t\t\t\t<\/div>\n\t\t\t\t\t<\/div>\n\t\t<\/div>\n\t\t\t\t\t<\/div>\n\t\t<\/section>\n\t\t\t\t<section class=\"elementor-section elementor-top-section elementor-element elementor-element-c72c566 elementor-section-boxed elementor-section-height-default elementor-section-height-default elementor-invisible\" data-id=\"c72c566\" data-element_type=\"section\" data-e-type=\"section\" data-settings=\"{&quot;animation&quot;:&quot;fadeIn&quot;}\">\n\t\t\t\t\t\t<div class=\"elementor-container elementor-column-gap-default\">\n\t\t\t\t\t<div class=\"elementor-column elementor-col-50 elementor-top-column elementor-element elementor-element-a9e6e39\" data-id=\"a9e6e39\" data-element_type=\"column\" data-e-type=\"column\">\n\t\t\t<div class=\"elementor-widget-wrap elementor-element-populated\">\n\t\t\t\t\t\t<div class=\"elementor-element elementor-element-08c7e2c elementor-widget elementor-widget-image\" data-id=\"08c7e2c\" data-element_type=\"widget\" data-e-type=\"widget\" data-widget_type=\"image.default\">\n\t\t\t\t<div class=\"elementor-widget-container\">\n\t\t\t\t\t\t\t\t\t\t\t\t\t\t\t<img decoding=\"async\" width=\"800\" height=\"800\" src=\"https:\/\/sunsandsrentals.com\/wp-content\/uploads\/2025\/05\/Carihuela-2.jpg\" class=\"attachment-large size-large wp-image-383\" alt=\"\" srcset=\"https:\/\/sunsandsrentals.com\/wp-content\/uploads\/2025\/05\/Carihuela-2.jpg 800w, https:\/\/sunsandsrentals.com\/wp-content\/uploads\/2025\/05\/Carihuela-2-300x300.jpg 300w, https:\/\/sunsandsrentals.com\/wp-content\/uploads\/2025\/05\/Carihuela-2-150x150.jpg 150w, https:\/\/sunsandsrentals.com\/wp-content\/uploads\/2025\/05\/Carihuela-2-768x768.jpg 768w, https:\/\/sunsandsrentals.com\/wp-content\/uploads\/2025\/05\/Carihuela-2-75x75.jpg 75w\" sizes=\"(max-width: 800px) 100vw, 800px\" \/>\t\t\t\t\t\t\t\t\t\t\t\t\t\t\t<\/div>\n\t\t\t\t<\/div>\n\t\t\t\t\t<\/div>\n\t\t<\/div>\n\t\t\t\t<div class=\"elementor-column elementor-col-50 elementor-top-column elementor-element elementor-element-2023d30\" data-id=\"2023d30\" data-element_type=\"column\" data-e-type=\"column\">\n\t\t\t<div class=\"elementor-widget-wrap elementor-element-populated\">\n\t\t\t\t\t\t<div class=\"elementor-element elementor-element-1bb7506 elementor-widget elementor-widget-heading\" data-id=\"1bb7506\" data-element_type=\"widget\" data-e-type=\"widget\" data-widget_type=\"heading.default\">\n\t\t\t\t<div class=\"elementor-widget-container\">\n\t\t\t\t\t<h2 class=\"elementor-heading-title elementor-size-default\">Authentisch und gastfreundlich<\/h2>\t\t\t\t<\/div>\n\t\t\t\t<\/div>\n\t\t\t\t<div class=\"elementor-element elementor-element-e411e9b elementor-widget elementor-widget-text-editor\" data-id=\"e411e9b\" data-element_type=\"widget\" data-e-type=\"widget\" data-widget_type=\"text-editor.default\">\n\t\t\t\t<div class=\"elementor-widget-container\">\n\t\t\t\t\t\t\t\t\t<p data-start=\"894\" data-end=\"1177\">La Carihuela strahlt noch immer die Atmosph\u00e4re des einstigen Fischerdorfes aus. Enge Gassen, farbenfrohe Fassaden und freundliche Einheimische verleihen der Gegend einen warmen und freundlichen Charakter. Hier erleben Sie das echte andalusische Leben, mit einem Hauch von Nostalgie und viel modernem Komfort.<\/p>\t\t\t\t\t\t\t\t<\/div>\n\t\t\t\t<\/div>\n\t\t\t\t<div class=\"elementor-element elementor-element-2144037 elementor-widget elementor-widget-heading\" data-id=\"2144037\" data-element_type=\"widget\" data-e-type=\"widget\" data-widget_type=\"heading.default\">\n\t\t\t\t<div class=\"elementor-widget-container\">\n\t\t\t\t\t<h2 class=\"elementor-heading-title elementor-size-default\">Ein Walhalla f\u00fcr Feinschmecker<\/h2>\t\t\t\t<\/div>\n\t\t\t\t<\/div>\n\t\t\t\t<div class=\"elementor-element elementor-element-9f17d37 elementor-widget elementor-widget-text-editor\" data-id=\"9f17d37\" data-element_type=\"widget\" data-e-type=\"widget\" data-widget_type=\"text-editor.default\">\n\t\t\t\t<div class=\"elementor-widget-container\">\n\t\t\t\t\t\t\t\t\t<p>La Carihuela ist f\u00fcr seine ausgezeichnete Gastronomie bekannt. Besonders Fischliebhaber kommen hier auf ihre Kosten: Frische Sardinen vom Grill, gebratene Calamari und der ber\u00fchmte pesca\u00edto frito (frittierter Fisch) sind \u00fcberall zu finden. Entlang der Strandpromenade gibt es zahlreiche Chiringuitos (Strandrestaurants), in denen Sie ein k\u00f6stliches Mittagessen mit Blick auf das Meer genie\u00dfen k\u00f6nnen.<\/p>\t\t\t\t\t\t\t\t<\/div>\n\t\t\t\t<\/div>\n\t\t\t\t\t<\/div>\n\t\t<\/div>\n\t\t\t\t\t<\/div>\n\t\t<\/section>\n\t\t\t\t<section class=\"elementor-section elementor-top-section elementor-element elementor-element-010f510 elementor-section-boxed elementor-section-height-default elementor-section-height-default elementor-invisible\" data-id=\"010f510\" data-element_type=\"section\" data-e-type=\"section\" data-settings=\"{&quot;animation&quot;:&quot;fadeIn&quot;}\">\n\t\t\t\t\t\t<div class=\"elementor-container elementor-column-gap-default\">\n\t\t\t\t\t<div class=\"elementor-column elementor-col-50 elementor-top-column elementor-element elementor-element-84f7efc\" data-id=\"84f7efc\" data-element_type=\"column\" data-e-type=\"column\">\n\t\t\t<div class=\"elementor-widget-wrap elementor-element-populated\">\n\t\t\t\t\t\t<div class=\"elementor-element elementor-element-9106322 elementor-widget elementor-widget-heading\" data-id=\"9106322\" data-element_type=\"widget\" data-e-type=\"widget\" data-widget_type=\"heading.default\">\n\t\t\t\t<div class=\"elementor-widget-container\">\n\t\t\t\t\t<h2 class=\"elementor-heading-title elementor-size-default\">Perfekte Lage<\/h2>\t\t\t\t<\/div>\n\t\t\t\t<\/div>\n\t\t\t\t<div class=\"elementor-element elementor-element-daefab9 elementor-widget elementor-widget-text-editor\" data-id=\"daefab9\" data-element_type=\"widget\" data-e-type=\"widget\" data-widget_type=\"text-editor.default\">\n\t\t\t\t<div class=\"elementor-widget-container\">\n\t\t\t\t\t\t\t\t\t<p data-start=\"1609\" data-end=\"1907\">Dank seiner zentralen Lage ist La Carihuela ein idealer Ausgangspunkt, um die Costa del Sol zu erkunden. Innerhalb weniger Minuten sind Sie im lebhaften Zentrum von Torremolinos oder im gem\u00fctlichen Benalm\u00e1dena. Die Stadt M\u00e1laga mit ihrem historischen Zentrum und ihren Museen ist ebenfalls nur 20 Minuten entfernt.<\/p>\t\t\t\t\t\t\t\t<\/div>\n\t\t\t\t<\/div>\n\t\t\t\t<div class=\"elementor-element elementor-element-04acfaf elementor-widget elementor-widget-heading\" data-id=\"04acfaf\" data-element_type=\"widget\" data-e-type=\"widget\" data-widget_type=\"heading.default\">\n\t\t\t\t<div class=\"elementor-widget-container\">\n\t\t\t\t\t<h2 class=\"elementor-heading-title elementor-size-default\">Ferien das ganze Jahr \u00fcber<\/h2>\t\t\t\t<\/div>\n\t\t\t\t<\/div>\n\t\t\t\t<div class=\"elementor-element elementor-element-35daa23 elementor-widget elementor-widget-text-editor\" data-id=\"35daa23\" data-element_type=\"widget\" data-e-type=\"widget\" data-widget_type=\"text-editor.default\">\n\t\t\t\t<div class=\"elementor-widget-container\">\n\t\t\t\t\t\t\t\t\t<p data-start=\"1951\" data-end=\"2206\">Mit mehr als 300 Sonnentagen im Jahr und milden Wintern ist La Carihuela das ganze Jahr \u00fcber ein attraktives Reiseziel. Egal, ob Sie im Sommer einen Strandurlaub, im Herbst eine St\u00e4dtereise oder im Winter eine Pause in der Sonne machen - hier f\u00fchlt sich jeder Tag wie Urlaub an.<\/p>\t\t\t\t\t\t\t\t<\/div>\n\t\t\t\t<\/div>\n\t\t\t\t\t<\/div>\n\t\t<\/div>\n\t\t\t\t<div class=\"elementor-column elementor-col-50 elementor-top-column elementor-element elementor-element-30b1a6f\" data-id=\"30b1a6f\" data-element_type=\"column\" data-e-type=\"column\">\n\t\t\t<div class=\"elementor-widget-wrap elementor-element-populated\">\n\t\t\t\t\t\t<div class=\"elementor-element elementor-element-c4a7385 elementor-widget elementor-widget-image\" data-id=\"c4a7385\" data-element_type=\"widget\" data-e-type=\"widget\" data-widget_type=\"image.default\">\n\t\t\t\t<div class=\"elementor-widget-container\">\n\t\t\t\t\t\t\t\t\t\t\t\t\t\t\t<img decoding=\"async\" width=\"800\" height=\"800\" src=\"https:\/\/sunsandsrentals.com\/wp-content\/uploads\/2025\/05\/Carihuela-3.jpg\" class=\"attachment-large size-large wp-image-384\" alt=\"\" srcset=\"https:\/\/sunsandsrentals.com\/wp-content\/uploads\/2025\/05\/Carihuela-3.jpg 800w, https:\/\/sunsandsrentals.com\/wp-content\/uploads\/2025\/05\/Carihuela-3-300x300.jpg 300w, https:\/\/sunsandsrentals.com\/wp-content\/uploads\/2025\/05\/Carihuela-3-150x150.jpg 150w, https:\/\/sunsandsrentals.com\/wp-content\/uploads\/2025\/05\/Carihuela-3-768x768.jpg 768w, https:\/\/sunsandsrentals.com\/wp-content\/uploads\/2025\/05\/Carihuela-3-75x75.jpg 75w\" sizes=\"(max-width: 800px) 100vw, 800px\" \/>\t\t\t\t\t\t\t\t\t\t\t\t\t\t\t<\/div>\n\t\t\t\t<\/div>\n\t\t\t\t\t<\/div>\n\t\t<\/div>\n\t\t\t\t\t<\/div>\n\t\t<\/section>\n\t\t\t\t<section class=\"elementor-section elementor-top-section elementor-element elementor-element-a38c966 elementor-section-boxed elementor-section-height-default elementor-section-height-default elementor-invisible\" data-id=\"a38c966\" data-element_type=\"section\" data-e-type=\"section\" data-settings=\"{&quot;animation&quot;:&quot;fadeIn&quot;}\">\n\t\t\t\t\t\t<div class=\"elementor-container elementor-column-gap-default\">\n\t\t\t\t\t<div class=\"elementor-column elementor-col-50 elementor-top-column elementor-element elementor-element-7992a91\" data-id=\"7992a91\" data-element_type=\"column\" data-e-type=\"column\">\n\t\t\t<div class=\"elementor-widget-wrap elementor-element-populated\">\n\t\t\t\t\t\t<div class=\"elementor-element elementor-element-6aba3f6 elementor-widget elementor-widget-image\" data-id=\"6aba3f6\" data-element_type=\"widget\" data-e-type=\"widget\" data-widget_type=\"image.default\">\n\t\t\t\t<div class=\"elementor-widget-container\">\n\t\t\t\t\t\t\t\t\t\t\t\t\t\t\t<img loading=\"lazy\" decoding=\"async\" width=\"800\" height=\"800\" src=\"https:\/\/sunsandsrentals.com\/wp-content\/uploads\/2025\/05\/Carihuela-4.jpg\" class=\"attachment-large size-large wp-image-385\" alt=\"\" srcset=\"https:\/\/sunsandsrentals.com\/wp-content\/uploads\/2025\/05\/Carihuela-4.jpg 800w, https:\/\/sunsandsrentals.com\/wp-content\/uploads\/2025\/05\/Carihuela-4-300x300.jpg 300w, https:\/\/sunsandsrentals.com\/wp-content\/uploads\/2025\/05\/Carihuela-4-150x150.jpg 150w, https:\/\/sunsandsrentals.com\/wp-content\/uploads\/2025\/05\/Carihuela-4-768x768.jpg 768w, https:\/\/sunsandsrentals.com\/wp-content\/uploads\/2025\/05\/Carihuela-4-75x75.jpg 75w\" sizes=\"(max-width: 800px) 100vw, 800px\" \/>\t\t\t\t\t\t\t\t\t\t\t\t\t\t\t<\/div>\n\t\t\t\t<\/div>\n\t\t\t\t\t<\/div>\n\t\t<\/div>\n\t\t\t\t<div class=\"elementor-column elementor-col-50 elementor-top-column elementor-element elementor-element-010c302\" data-id=\"010c302\" data-element_type=\"column\" data-e-type=\"column\">\n\t\t\t<div class=\"elementor-widget-wrap elementor-element-populated\">\n\t\t\t\t\t\t<div class=\"elementor-element elementor-element-8722d9d elementor-widget elementor-widget-heading\" data-id=\"8722d9d\" data-element_type=\"widget\" data-e-type=\"widget\" data-widget_type=\"heading.default\">\n\t\t\t\t<div class=\"elementor-widget-container\">\n\t\t\t\t\t<h2 class=\"elementor-heading-title elementor-size-default\">Erleben Sie es selbst<\/h2>\t\t\t\t<\/div>\n\t\t\t\t<\/div>\n\t\t\t\t<div class=\"elementor-element elementor-element-4d608f9 elementor-widget elementor-widget-text-editor\" data-id=\"4d608f9\" data-element_type=\"widget\" data-e-type=\"widget\" data-widget_type=\"text-editor.default\">\n\t\t\t\t<div class=\"elementor-widget-container\">\n\t\t\t\t\t\t\t\t\t<p>La Carihuela verbindet Entspannung, Kultur und Gastronomie in einer stimmungsvollen Umgebung am Meer. Egal, ob Sie Ruhe, Romantik oder Lebendigkeit suchen, in diesem charaktervollen Ort werden Sie alles finden.<\/p><p>Lassen Sie sich vom Charme von La Carihuela verzaubern - Ihrem Platz an der Sonne!<\/p>\t\t\t\t\t\t\t\t<\/div>\n\t\t\t\t<\/div>\n\t\t\t\t\t<\/div>\n\t\t<\/div>\n\t\t\t\t\t<\/div>\n\t\t<\/section>\n\t\t\t\t<section class=\"elementor-section elementor-top-section elementor-element elementor-element-7441140 elementor-section-stretched elementor-section-boxed elementor-section-height-default elementor-section-height-default elementor-invisible\" data-id=\"7441140\" data-element_type=\"section\" data-e-type=\"section\" data-settings=\"{&quot;stretch_section&quot;:&quot;section-stretched&quot;,&quot;background_background&quot;:&quot;classic&quot;,&quot;animation&quot;:&quot;fadeIn&quot;}\">\n\t\t\t\t\t\t\t<div class=\"elementor-background-overlay\"><\/div>\n\t\t\t\t\t\t\t<div class=\"elementor-container elementor-column-gap-default\">\n\t\t\t\t\t<div class=\"elementor-column elementor-col-100 elementor-top-column elementor-element elementor-element-243944d\" data-id=\"243944d\" data-element_type=\"column\" data-e-type=\"column\">\n\t\t\t<div class=\"elementor-widget-wrap elementor-element-populated\">\n\t\t\t\t\t\t<div class=\"elementor-element elementor-element-7a01fe5 elementor-widget elementor-widget-heading\" data-id=\"7a01fe5\" data-element_type=\"widget\" data-e-type=\"widget\" data-widget_type=\"heading.default\">\n\t\t\t\t<div class=\"elementor-widget-container\">\n\t\t\t\t\t<h2 class=\"elementor-heading-title elementor-size-default\">M\u00f6chten Sie mehr dar\u00fcber erfahren?<\/h2>\t\t\t\t<\/div>\n\t\t\t\t<\/div>\n\t\t\t\t<div class=\"elementor-element elementor-element-7d5e404 elementor-widget elementor-widget-text-editor\" data-id=\"7d5e404\" data-element_type=\"widget\" data-e-type=\"widget\" data-widget_type=\"text-editor.default\">\n\t\t\t\t<div class=\"elementor-widget-container\">\n\t\t\t\t\t\t\t\t\t<p>Sie suchen zum Beispiel weitere Informationen \u00fcber die Wohnungen, die Verf\u00fcgbarkeit oder die Umgebung? <br \/>Wir sind Ihnen gerne behilflich. Sie k\u00f6nnen uns \u00fcber die Kontaktseite unter kontaktieren:<\/p>\t\t\t\t\t\t\t\t<\/div>\n\t\t\t\t<\/div>\n\t\t\t\t<div class=\"elementor-element elementor-element-3b770e7 elementor-align-center elementor-widget elementor-widget-button\" data-id=\"3b770e7\" data-element_type=\"widget\" data-e-type=\"widget\" data-widget_type=\"button.default\">\n\t\t\t\t<div class=\"elementor-widget-container\">\n\t\t\t\t\t\t\t\t\t<div class=\"elementor-button-wrapper\">\n\t\t\t\t\t<a class=\"elementor-button elementor-button-link elementor-size-sm elementor-animation-grow\" href=\"https:\/\/sunsandsrentals.com\/de\/contact\/\">\n\t\t\t\t\t\t<span class=\"elementor-button-content-wrapper\">\n\t\t\t\t\t\t\t\t\t<span class=\"elementor-button-text\">Kontakt<\/span>\n\t\t\t\t\t<\/span>\n\t\t\t\t\t<\/a>\n\t\t\t\t<\/div>\n\t\t\t\t\t\t\t\t<\/div>\n\t\t\t\t<\/div>\n\t\t\t\t\t<\/div>\n\t\t<\/div>\n\t\t\t\t\t<\/div>\n\t\t<\/section>\n\t\t\t\t<\/div>","protected":false},"excerpt":{"rendered":"<p>Discover La Carihuela La Carihuela, gelegen in het levendige Torremolinos aan de Costa del Sol, is een charmante badplaats met een rijke geschiedenis, een relaxte sfeer en een van de beste strandervaringen van Zuid-Spanje. Ooit een rustig vissersdorp, is het nu uitgegroeid tot een geliefde vakantiebestemming \u2013 zonder haar authentieke karakter te verliezen. Zon, Zee [&hellip;]<\/p>\n","protected":false},"author":1,"featured_media":0,"parent":0,"menu_order":0,"comment_status":"closed","ping_status":"closed","template":"elementor_header_footer","meta":{"_genesis_hide_title":false,"_genesis_hide_breadcrumbs":false,"_genesis_hide_singular_image":false,"_genesis_hide_footer_widgets":false,"_genesis_custom_body_class":"","_genesis_custom_post_class":"","_genesis_layout":"","footnotes":""},"class_list":{"0":"post-372","1":"page","2":"type-page","3":"status-publish","5":"entry"},"_links":{"self":[{"href":"https:\/\/sunsandsrentals.com\/de\/wp-json\/wp\/v2\/pages\/372","targetHints":{"allow":["GET"]}}],"collection":[{"href":"https:\/\/sunsandsrentals.com\/de\/wp-json\/wp\/v2\/pages"}],"about":[{"href":"https:\/\/sunsandsrentals.com\/de\/wp-json\/wp\/v2\/types\/page"}],"author":[{"embeddable":true,"href":"https:\/\/sunsandsrentals.com\/de\/wp-json\/wp\/v2\/users\/1"}],"replies":[{"embeddable":true,"href":"https:\/\/sunsandsrentals.com\/de\/wp-json\/wp\/v2\/comments?post=372"}],"version-history":[{"count":13,"href":"https:\/\/sunsandsrentals.com\/de\/wp-json\/wp\/v2\/pages\/372\/revisions"}],"predecessor-version":[{"id":460,"href":"https:\/\/sunsandsrentals.com\/de\/wp-json\/wp\/v2\/pages\/372\/revisions\/460"}],"wp:attachment":[{"href":"https:\/\/sunsandsrentals.com\/de\/wp-json\/wp\/v2\/media?parent=372"}],"curies":[{"name":"wp","href":"https:\/\/api.w.org\/{rel}","templated":true}]}}