{"id":32,"date":"2024-12-04T15:45:03","date_gmt":"2024-12-04T15:45:03","guid":{"rendered":"https:\/\/sunsandsrentals.com\/?page_id=32"},"modified":"2025-12-02T11:54:31","modified_gmt":"2025-12-02T11:54:31","slug":"reserveren","status":"publish","type":"page","link":"https:\/\/sunsandsrentals.com\/en\/reserveren\/","title":{"rendered":"Booking"},"content":{"rendered":"<div data-elementor-type=\"wp-page\" data-elementor-id=\"32\" class=\"elementor elementor-32\" data-elementor-post-type=\"page\">\n\t\t\t\t\t\t<section class=\"elementor-section elementor-top-section elementor-element elementor-element-84d7b0b elementor-section-boxed elementor-section-height-default elementor-section-height-default elementor-invisible\" data-id=\"84d7b0b\" data-element_type=\"section\" data-e-type=\"section\" data-settings=\"{&quot;animation&quot;:&quot;fadeIn&quot;}\">\n\t\t\t\t\t\t<div class=\"elementor-container elementor-column-gap-default\">\n\t\t\t\t\t<div class=\"elementor-column elementor-col-50 elementor-top-column elementor-element elementor-element-91f732d\" data-id=\"91f732d\" data-element_type=\"column\" data-e-type=\"column\">\n\t\t\t<div class=\"elementor-widget-wrap elementor-element-populated\">\n\t\t\t\t\t\t<div class=\"elementor-element elementor-element-35a9ee4 elementor-widget elementor-widget-heading\" data-id=\"35a9ee4\" data-element_type=\"widget\" data-e-type=\"widget\" data-widget_type=\"heading.default\">\n\t\t\t\t<div class=\"elementor-widget-container\">\n\t\t\t\t\t<h1 class=\"elementor-heading-title elementor-size-default\">Booking<\/h1>\t\t\t\t<\/div>\n\t\t\t\t<\/div>\n\t\t\t\t<div class=\"elementor-element elementor-element-b83ba23 elementor-widget elementor-widget-text-editor\" data-id=\"b83ba23\" data-element_type=\"widget\" data-e-type=\"widget\" data-widget_type=\"text-editor.default\">\n\t\t\t\t<div class=\"elementor-widget-container\">\n\t\t\t\t\t\t\t\t\t<p><strong>Book your stay in Benalm\u00e1dena or La Carihuela!<\/strong><\/p><p>Want to enjoy a carefree holiday on the Costa del Sol? Simply book one of our comfortable flats or studios in Benalm\u00e1dena or La Carihuela! Our accommodations are fully equipped and ideal for a relaxing stay, within walking distance of the beach, restaurants and places of interest.<\/p><p>Check availability and make your reservation quickly and easily via the tool on this page. Do you have any questions or special requests? Feel free to contact us!<\/p>\t\t\t\t\t\t\t\t<\/div>\n\t\t\t\t<\/div>\n\t\t\t\t\t<\/div>\n\t\t<\/div>\n\t\t\t\t<div class=\"elementor-column elementor-col-50 elementor-top-column elementor-element elementor-element-645ed7d\" data-id=\"645ed7d\" data-element_type=\"column\" data-e-type=\"column\">\n\t\t\t<div class=\"elementor-widget-wrap elementor-element-populated\">\n\t\t\t\t\t\t<div class=\"elementor-element elementor-element-e152a36 elementor-widget elementor-widget-image\" data-id=\"e152a36\" data-element_type=\"widget\" data-e-type=\"widget\" data-widget_type=\"image.default\">\n\t\t\t\t<div class=\"elementor-widget-container\">\n\t\t\t\t\t\t\t\t\t\t\t\t\t\t\t<img fetchpriority=\"high\" decoding=\"async\" width=\"800\" height=\"800\" src=\"https:\/\/sunsandsrentals.com\/wp-content\/uploads\/2025\/05\/Benalmadena-Harbor.jpg\" class=\"attachment-large size-large wp-image-356\" alt=\"\" srcset=\"https:\/\/sunsandsrentals.com\/wp-content\/uploads\/2025\/05\/Benalmadena-Harbor.jpg 800w, https:\/\/sunsandsrentals.com\/wp-content\/uploads\/2025\/05\/Benalmadena-Harbor-300x300.jpg 300w, https:\/\/sunsandsrentals.com\/wp-content\/uploads\/2025\/05\/Benalmadena-Harbor-150x150.jpg 150w, https:\/\/sunsandsrentals.com\/wp-content\/uploads\/2025\/05\/Benalmadena-Harbor-768x768.jpg 768w, https:\/\/sunsandsrentals.com\/wp-content\/uploads\/2025\/05\/Benalmadena-Harbor-75x75.jpg 75w\" sizes=\"(max-width: 800px) 100vw, 800px\" \/>\t\t\t\t\t\t\t\t\t\t\t\t\t\t\t<\/div>\n\t\t\t\t<\/div>\n\t\t\t\t\t<\/div>\n\t\t<\/div>\n\t\t\t\t\t<\/div>\n\t\t<\/section>\n\t\t\t\t<section class=\"elementor-section elementor-top-section elementor-element elementor-element-b2a3fcb elementor-section-boxed elementor-section-height-default elementor-section-height-default elementor-invisible\" data-id=\"b2a3fcb\" data-element_type=\"section\" data-e-type=\"section\" data-settings=\"{&quot;animation&quot;:&quot;fadeIn&quot;}\">\n\t\t\t\t\t\t<div class=\"elementor-container elementor-column-gap-default\">\n\t\t\t\t\t<div class=\"elementor-column elementor-col-100 elementor-top-column elementor-element elementor-element-5e41e4f\" data-id=\"5e41e4f\" data-element_type=\"column\" data-e-type=\"column\">\n\t\t\t<div class=\"elementor-widget-wrap elementor-element-populated\">\n\t\t\t\t\t\t<div class=\"elementor-element elementor-element-6d0951c elementor-hidden-tablet elementor-hidden-mobile elementor-widget elementor-widget-html\" data-id=\"6d0951c\" data-element_type=\"widget\" data-e-type=\"widget\" data-widget_type=\"html.default\">\n\t\t\t\t<div class=\"elementor-widget-container\">\n\t\t\t\t\t<iframe src=\"https:\/\/www.uwboeking.com\/class\/class.SearchBook2.php?userModuleID=ce63be00cc73d146616b0f6a3a4a642b&typeModule=getModule2&showall=yes&houses=19614,19615,19616,19652,19653,19654,19655,19657,19925\" width=\"100%\" height=\"3050\" marginwidth=\"0\" marginheight=\"0\" hspace=\"0\" vspace=\"0\" frameborder=\"0\" scrolling=\"no\" allowtransparency=\"true\"><\/iframe>\t\t\t\t<\/div>\n\t\t\t\t<\/div>\n\t\t\t\t<div class=\"elementor-element elementor-element-f0be91b elementor-hidden-desktop elementor-hidden-mobile elementor-widget elementor-widget-html\" data-id=\"f0be91b\" data-element_type=\"widget\" data-e-type=\"widget\" data-widget_type=\"html.default\">\n\t\t\t\t<div class=\"elementor-widget-container\">\n\t\t\t\t\t<iframe src=\"https:\/\/www.uwboeking.com\/class\/class.SearchBook2.php?userModuleID=ce63be00cc73d146616b0f6a3a4a642b&typeModule=getModule2&showall=yes&houses=19614,19615,19616,19652,19653,19654,19655,19657\" width=\"100%\" height=\"3200\" marginwidth=\"0\" marginheight=\"0\" hspace=\"0\" vspace=\"0\" frameborder=\"0\" scrolling=\"no\" allowtransparency=\"true\"><\/iframe>\t\t\t\t<\/div>\n\t\t\t\t<\/div>\n\t\t\t\t<div class=\"elementor-element elementor-element-3eed133 elementor-hidden-desktop elementor-hidden-tablet elementor-widget elementor-widget-html\" data-id=\"3eed133\" data-element_type=\"widget\" data-e-type=\"widget\" data-widget_type=\"html.default\">\n\t\t\t\t<div class=\"elementor-widget-container\">\n\t\t\t\t\t<iframe src=\"https:\/\/www.uwboeking.com\/class\/class.SearchBook2.php?userModuleID=ce63be00cc73d146616b0f6a3a4a642b&typeModule=getModule2&showall=yes&houses=19614,19615,19616,19652,19653,19654,19655,19657,19925\" width=\"100%\" height=\"6700\" marginwidth=\"0\" marginheight=\"0\" hspace=\"0\" vspace=\"0\" frameborder=\"0\" scrolling=\"no\" allowtransparency=\"true\"><\/iframe>\t\t\t\t<\/div>\n\t\t\t\t<\/div>\n\t\t\t\t\t<\/div>\n\t\t<\/div>\n\t\t\t\t\t<\/div>\n\t\t<\/section>\n\t\t\t\t<section class=\"elementor-section elementor-top-section elementor-element elementor-element-4952666 elementor-section-stretched elementor-section-boxed elementor-section-height-default elementor-section-height-default elementor-invisible\" data-id=\"4952666\" data-element_type=\"section\" data-e-type=\"section\" data-settings=\"{&quot;stretch_section&quot;:&quot;section-stretched&quot;,&quot;background_background&quot;:&quot;classic&quot;,&quot;animation&quot;:&quot;fadeIn&quot;}\">\n\t\t\t\t\t\t\t<div class=\"elementor-background-overlay\"><\/div>\n\t\t\t\t\t\t\t<div class=\"elementor-container elementor-column-gap-default\">\n\t\t\t\t\t<div class=\"elementor-column elementor-col-100 elementor-top-column elementor-element elementor-element-3ad1efd\" data-id=\"3ad1efd\" data-element_type=\"column\" data-e-type=\"column\">\n\t\t\t<div class=\"elementor-widget-wrap elementor-element-populated\">\n\t\t\t\t\t\t<div class=\"elementor-element elementor-element-ffe0cb1 elementor-widget elementor-widget-heading\" data-id=\"ffe0cb1\" data-element_type=\"widget\" data-e-type=\"widget\" data-widget_type=\"heading.default\">\n\t\t\t\t<div class=\"elementor-widget-container\">\n\t\t\t\t\t<h2 class=\"elementor-heading-title elementor-size-default\">Curious to find out more?<\/h2>\t\t\t\t<\/div>\n\t\t\t\t<\/div>\n\t\t\t\t<div class=\"elementor-element elementor-element-78c6517 elementor-widget elementor-widget-text-editor\" data-id=\"78c6517\" data-element_type=\"widget\" data-e-type=\"widget\" data-widget_type=\"text-editor.default\">\n\t\t\t\t<div class=\"elementor-widget-container\">\n\t\t\t\t\t\t\t\t\t<p>Are you looking for more information about the flats, availability or the surrounding area, for example? <br \/>We will be happy to assist you. You can get in touch by going to the contact page at:<\/p>\t\t\t\t\t\t\t\t<\/div>\n\t\t\t\t<\/div>\n\t\t\t\t<div class=\"elementor-element elementor-element-9458c42 elementor-align-center elementor-widget elementor-widget-button\" data-id=\"9458c42\" data-element_type=\"widget\" data-e-type=\"widget\" data-widget_type=\"button.default\">\n\t\t\t\t<div class=\"elementor-widget-container\">\n\t\t\t\t\t\t\t\t\t<div class=\"elementor-button-wrapper\">\n\t\t\t\t\t<a class=\"elementor-button elementor-button-link elementor-size-sm elementor-animation-grow\" href=\"https:\/\/sunsandsrentals.com\/en\/contact\/\">\n\t\t\t\t\t\t<span class=\"elementor-button-content-wrapper\">\n\t\t\t\t\t\t\t\t\t<span class=\"elementor-button-text\">Contact<\/span>\n\t\t\t\t\t<\/span>\n\t\t\t\t\t<\/a>\n\t\t\t\t<\/div>\n\t\t\t\t\t\t\t\t<\/div>\n\t\t\t\t<\/div>\n\t\t\t\t\t<\/div>\n\t\t<\/div>\n\t\t\t\t\t<\/div>\n\t\t<\/section>\n\t\t\t\t<\/div>","protected":false},"excerpt":{"rendered":"<p>Reserveren Boek jouw verblijf in Benalm\u00e1dena of La Carihuela! Wil je genieten van een zorgeloze vakantie aan de Costa del Sol? Reserveer eenvoudig \u00e9\u00e9n van onze comfortabele appartementen of studio&#8217;s in Benalm\u00e1dena of La Carihuela! Onze accommodaties zijn volledig uitgerust en ideaal voor een ontspannen verblijf, op loopafstand van het strand, restaurants en bezienswaardigheden. Controleer [&hellip;]<\/p>\n","protected":false},"author":1,"featured_media":0,"parent":0,"menu_order":0,"comment_status":"closed","ping_status":"closed","template":"elementor_header_footer","meta":{"_genesis_hide_title":false,"_genesis_hide_breadcrumbs":false,"_genesis_hide_singular_image":false,"_genesis_hide_footer_widgets":false,"_genesis_custom_body_class":"","_genesis_custom_post_class":"","_genesis_layout":"","footnotes":""},"class_list":{"0":"post-32","1":"page","2":"type-page","3":"status-publish","5":"entry"},"_links":{"self":[{"href":"https:\/\/sunsandsrentals.com\/en\/wp-json\/wp\/v2\/pages\/32","targetHints":{"allow":["GET"]}}],"collection":[{"href":"https:\/\/sunsandsrentals.com\/en\/wp-json\/wp\/v2\/pages"}],"about":[{"href":"https:\/\/sunsandsrentals.com\/en\/wp-json\/wp\/v2\/types\/page"}],"author":[{"embeddable":true,"href":"https:\/\/sunsandsrentals.com\/en\/wp-json\/wp\/v2\/users\/1"}],"replies":[{"embeddable":true,"href":"https:\/\/sunsandsrentals.com\/en\/wp-json\/wp\/v2\/comments?post=32"}],"version-history":[{"count":49,"href":"https:\/\/sunsandsrentals.com\/en\/wp-json\/wp\/v2\/pages\/32\/revisions"}],"predecessor-version":[{"id":476,"href":"https:\/\/sunsandsrentals.com\/en\/wp-json\/wp\/v2\/pages\/32\/revisions\/476"}],"wp:attachment":[{"href":"https:\/\/sunsandsrentals.com\/en\/wp-json\/wp\/v2\/media?parent=32"}],"curies":[{"name":"wp","href":"https:\/\/api.w.org\/{rel}","templated":true}]}}