{"id":34,"date":"2024-12-04T15:45:14","date_gmt":"2024-12-04T15:45:14","guid":{"rendered":"https:\/\/sunsandsrentals.com\/?page_id=34"},"modified":"2025-06-02T10:07:05","modified_gmt":"2025-06-02T10:07:05","slug":"discover-benalmadena","status":"publish","type":"page","link":"https:\/\/sunsandsrentals.com\/es\/discover-benalmadena\/","title":{"rendered":"Descubre Benalm\u00e1dena"},"content":{"rendered":"<div data-elementor-type=\"wp-page\" data-elementor-id=\"34\" class=\"elementor elementor-34\" data-elementor-post-type=\"page\">\n\t\t\t\t\t\t<section class=\"elementor-section elementor-top-section elementor-element elementor-element-8fb6396 elementor-section-boxed elementor-section-height-default elementor-section-height-default elementor-invisible\" data-id=\"8fb6396\" data-element_type=\"section\" data-e-type=\"section\" data-settings=\"{&quot;animation&quot;:&quot;fadeIn&quot;}\">\n\t\t\t\t\t\t<div class=\"elementor-container elementor-column-gap-default\">\n\t\t\t\t\t<div class=\"elementor-column elementor-col-50 elementor-top-column elementor-element elementor-element-39e2a7b\" data-id=\"39e2a7b\" data-element_type=\"column\" data-e-type=\"column\">\n\t\t\t<div class=\"elementor-widget-wrap elementor-element-populated\">\n\t\t\t\t\t\t<div class=\"elementor-element elementor-element-f93b409 elementor-widget elementor-widget-heading\" data-id=\"f93b409\" data-element_type=\"widget\" data-e-type=\"widget\" data-widget_type=\"heading.default\">\n\t\t\t\t<div class=\"elementor-widget-container\">\n\t\t\t\t\t<h1 class=\"elementor-heading-title elementor-size-default\">Descubre Benalm\u00e1dena<\/h1>\t\t\t\t<\/div>\n\t\t\t\t<\/div>\n\t\t\t\t<div class=\"elementor-element elementor-element-e0c2204 elementor-widget elementor-widget-text-editor\" data-id=\"e0c2204\" data-element_type=\"widget\" data-e-type=\"widget\" data-widget_type=\"text-editor.default\">\n\t\t\t\t<div class=\"elementor-widget-container\">\n\t\t\t\t\t\t\t\t\t<p><span style=\"font-weight: 400;\">Situada en la soleada Costa del Sol, en el sur de Espa\u00f1a, Benalm\u00e1dena es un destino que lo ofrece todo para unas vacaciones perfectas. Esta encantadora ciudad combina hermosas playas, una rica cultura y un relajado ambiente mediterr\u00e1neo, lo que la convierte en un lugar popular para viajeros de todo el mundo.<\/span><span style=\"font-weight: 400;\"><br \/><\/span><span style=\"font-weight: 400;\"><br \/><\/span><strong>Playas impresionantes<br \/><\/strong><span style=\"font-weight: 400;\">Con m\u00e1s de 10 kil\u00f3metros de playas de arena dorada y aguas cristalinas, Benalm\u00e1dena es un para\u00edso para los amantes del sol. Tanto si desea relajarse en la tranquila playa de Malapesquera como si prefiere la animaci\u00f3n de Playa Arroyo de la Miel, hay una playa para cada uno. El paseo mar\u00edtimo que bordea la costa invita a dar relajados paseos mientras se disfruta de las vistas del mar Mediterr\u00e1neo.<\/span><\/p>\t\t\t\t\t\t\t\t<\/div>\n\t\t\t\t<\/div>\n\t\t\t\t\t<\/div>\n\t\t<\/div>\n\t\t\t\t<div class=\"elementor-column elementor-col-50 elementor-top-column elementor-element elementor-element-766bccd\" data-id=\"766bccd\" data-element_type=\"column\" data-e-type=\"column\">\n\t\t\t<div class=\"elementor-widget-wrap elementor-element-populated\">\n\t\t\t\t\t\t<div class=\"elementor-element elementor-element-854aec2 elementor-widget elementor-widget-image\" data-id=\"854aec2\" data-element_type=\"widget\" data-e-type=\"widget\" data-widget_type=\"image.default\">\n\t\t\t\t<div class=\"elementor-widget-container\">\n\t\t\t\t\t\t\t\t\t\t\t\t\t\t\t<img fetchpriority=\"high\" decoding=\"async\" width=\"800\" height=\"800\" src=\"https:\/\/sunsandsrentals.com\/wp-content\/uploads\/2025\/01\/Benalmadena-Beach.jpg\" class=\"attachment-large size-large wp-image-70\" alt=\"\" srcset=\"https:\/\/sunsandsrentals.com\/wp-content\/uploads\/2025\/01\/Benalmadena-Beach.jpg 800w, https:\/\/sunsandsrentals.com\/wp-content\/uploads\/2025\/01\/Benalmadena-Beach-300x300.jpg 300w, https:\/\/sunsandsrentals.com\/wp-content\/uploads\/2025\/01\/Benalmadena-Beach-150x150.jpg 150w, https:\/\/sunsandsrentals.com\/wp-content\/uploads\/2025\/01\/Benalmadena-Beach-768x768.jpg 768w, https:\/\/sunsandsrentals.com\/wp-content\/uploads\/2025\/01\/Benalmadena-Beach-75x75.jpg 75w\" sizes=\"(max-width: 800px) 100vw, 800px\" \/>\t\t\t\t\t\t\t\t\t\t\t\t\t\t\t<\/div>\n\t\t\t\t<\/div>\n\t\t\t\t\t<\/div>\n\t\t<\/div>\n\t\t\t\t\t<\/div>\n\t\t<\/section>\n\t\t\t\t<section class=\"elementor-section elementor-top-section elementor-element elementor-element-2847ddd elementor-section-boxed elementor-section-height-default elementor-section-height-default elementor-invisible\" data-id=\"2847ddd\" data-element_type=\"section\" data-e-type=\"section\" data-settings=\"{&quot;animation&quot;:&quot;fadeIn&quot;}\">\n\t\t\t\t\t\t<div class=\"elementor-container elementor-column-gap-default\">\n\t\t\t\t\t<div class=\"elementor-column elementor-col-50 elementor-top-column elementor-element elementor-element-3b7d246\" data-id=\"3b7d246\" data-element_type=\"column\" data-e-type=\"column\">\n\t\t\t<div class=\"elementor-widget-wrap elementor-element-populated\">\n\t\t\t\t\t\t<div class=\"elementor-element elementor-element-33f47dd elementor-widget elementor-widget-image\" data-id=\"33f47dd\" data-element_type=\"widget\" data-e-type=\"widget\" data-widget_type=\"image.default\">\n\t\t\t\t<div class=\"elementor-widget-container\">\n\t\t\t\t\t\t\t\t\t\t\t\t\t\t\t<img decoding=\"async\" width=\"800\" height=\"800\" src=\"https:\/\/sunsandsrentals.com\/wp-content\/uploads\/2025\/01\/Benalmadena-Beach-1.jpg\" class=\"attachment-large size-large wp-image-100\" alt=\"\" srcset=\"https:\/\/sunsandsrentals.com\/wp-content\/uploads\/2025\/01\/Benalmadena-Beach-1.jpg 800w, https:\/\/sunsandsrentals.com\/wp-content\/uploads\/2025\/01\/Benalmadena-Beach-1-300x300.jpg 300w, https:\/\/sunsandsrentals.com\/wp-content\/uploads\/2025\/01\/Benalmadena-Beach-1-150x150.jpg 150w, https:\/\/sunsandsrentals.com\/wp-content\/uploads\/2025\/01\/Benalmadena-Beach-1-768x768.jpg 768w, https:\/\/sunsandsrentals.com\/wp-content\/uploads\/2025\/01\/Benalmadena-Beach-1-75x75.jpg 75w\" sizes=\"(max-width: 800px) 100vw, 800px\" \/>\t\t\t\t\t\t\t\t\t\t\t\t\t\t\t<\/div>\n\t\t\t\t<\/div>\n\t\t\t\t\t<\/div>\n\t\t<\/div>\n\t\t\t\t<div class=\"elementor-column elementor-col-50 elementor-top-column elementor-element elementor-element-642216a\" data-id=\"642216a\" data-element_type=\"column\" data-e-type=\"column\">\n\t\t\t<div class=\"elementor-widget-wrap elementor-element-populated\">\n\t\t\t\t\t\t<div class=\"elementor-element elementor-element-2dee517 elementor-widget elementor-widget-heading\" data-id=\"2dee517\" data-element_type=\"widget\" data-e-type=\"widget\" data-widget_type=\"heading.default\">\n\t\t\t\t<div class=\"elementor-widget-container\">\n\t\t\t\t\t<h2 class=\"elementor-heading-title elementor-size-default\">Visores<\/h2>\t\t\t\t<\/div>\n\t\t\t\t<\/div>\n\t\t\t\t<div class=\"elementor-element elementor-element-be9b4a1 elementor-widget elementor-widget-text-editor\" data-id=\"be9b4a1\" data-element_type=\"widget\" data-e-type=\"widget\" data-widget_type=\"text-editor.default\">\n\t\t\t\t<div class=\"elementor-widget-container\">\n\t\t\t\t\t\t\t\t\t<p><span style=\"font-weight: 400;\">Benalm\u00e1dena es m\u00e1s que un destino de playa. El casco hist\u00f3rico, conocido como Benalm\u00e1dena Pueblo, es un lugar pintoresco lleno de casas blancas, calles estrechas y flores de colores. Visite la Estupa de la Iluminaci\u00f3n, la estupa budista m\u00e1s grande de Europa, o descubra el Castillo de Colomares, un impresionante castillo construido en honor de los viajes de descubrimiento de Col\u00f3n.<\/span><span style=\"font-weight: 400;\"><br \/><\/span><span style=\"font-weight: 400;\"><br \/><\/span><strong>Un mundo de aventuras<br \/><\/strong><span style=\"font-weight: 400;\">Para familias y aventureros, Benalm\u00e1dena ofrece multitud de actividades. El famoso parque de atracciones Tivoli World y el interactivo Selwo Marina lo convierten en un para\u00edso para los ni\u00f1os. Los amantes de los animales tambi\u00e9n pueden disfrutar de una visita al acuario Sea Life, donde se puede admirar la vida marina de cerca.<\/span><span style=\"font-weight: 400;\"><br \/><\/span><\/p>\t\t\t\t\t\t\t\t<\/div>\n\t\t\t\t<\/div>\n\t\t\t\t\t<\/div>\n\t\t<\/div>\n\t\t\t\t\t<\/div>\n\t\t<\/section>\n\t\t\t\t<section class=\"elementor-section elementor-top-section elementor-element elementor-element-454e7ba elementor-section-boxed elementor-section-height-default elementor-section-height-default elementor-invisible\" data-id=\"454e7ba\" data-element_type=\"section\" data-e-type=\"section\" data-settings=\"{&quot;animation&quot;:&quot;fadeIn&quot;}\">\n\t\t\t\t\t\t<div class=\"elementor-container elementor-column-gap-default\">\n\t\t\t\t\t<div class=\"elementor-column elementor-col-50 elementor-top-column elementor-element elementor-element-900ab29\" data-id=\"900ab29\" data-element_type=\"column\" data-e-type=\"column\">\n\t\t\t<div class=\"elementor-widget-wrap elementor-element-populated\">\n\t\t\t\t\t\t<div class=\"elementor-element elementor-element-f4f9bc7 elementor-widget elementor-widget-heading\" data-id=\"f4f9bc7\" data-element_type=\"widget\" data-e-type=\"widget\" data-widget_type=\"heading.default\">\n\t\t\t\t<div class=\"elementor-widget-container\">\n\t\t\t\t\t<h2 class=\"elementor-heading-title elementor-size-default\">Puerto acogedor y naturaleza<\/h2>\t\t\t\t<\/div>\n\t\t\t\t<\/div>\n\t\t\t\t<div class=\"elementor-element elementor-element-2e84faa elementor-widget elementor-widget-text-editor\" data-id=\"2e84faa\" data-element_type=\"widget\" data-e-type=\"widget\" data-widget_type=\"text-editor.default\">\n\t\t\t\t<div class=\"elementor-widget-container\">\n\t\t\t\t\t\t\t\t\t<p><span style=\"font-weight: 400;\">El lujoso puerto deportivo de Benalm\u00e1dena, Puerto Marina, es uno de los m\u00e1s bellos de Europa. Aqu\u00ed encontrar\u00e1 excelentes restaurantes, bares y tiendas, todos con impresionantes vistas de los barcos. Para los amantes de la naturaleza, un paseo en telef\u00e9rico hasta la cima del monte Calamorro es una visita obligada. La vista desde aqu\u00ed es espectacular y ofrece una panor\u00e1mica de toda la costa.<br \/><br \/><strong>La vida mediterr\u00e1nea<\/strong><br \/>Benalm\u00e1dena ofrece una rica experiencia culinaria, con platos tradicionales espa\u00f1oles como marisco fresco, paella y tapas. El ambiente relajado de los restaurantes y caf\u00e9s locales te hace sentir como si el tiempo se detuviera por un momento.<br \/><\/span><\/p>\t\t\t\t\t\t\t\t<\/div>\n\t\t\t\t<\/div>\n\t\t\t\t\t<\/div>\n\t\t<\/div>\n\t\t\t\t<div class=\"elementor-column elementor-col-50 elementor-top-column elementor-element elementor-element-884be6b\" data-id=\"884be6b\" data-element_type=\"column\" data-e-type=\"column\">\n\t\t\t<div class=\"elementor-widget-wrap elementor-element-populated\">\n\t\t\t\t\t\t<div class=\"elementor-element elementor-element-460e3b2 elementor-widget elementor-widget-image\" data-id=\"460e3b2\" data-element_type=\"widget\" data-e-type=\"widget\" data-widget_type=\"image.default\">\n\t\t\t\t<div class=\"elementor-widget-container\">\n\t\t\t\t\t\t\t\t\t\t\t\t\t\t\t<img decoding=\"async\" width=\"800\" height=\"800\" src=\"https:\/\/sunsandsrentals.com\/wp-content\/uploads\/2025\/01\/Benalmadena-Harbor.jpg\" class=\"attachment-large size-large wp-image-201\" alt=\"\" srcset=\"https:\/\/sunsandsrentals.com\/wp-content\/uploads\/2025\/01\/Benalmadena-Harbor.jpg 800w, https:\/\/sunsandsrentals.com\/wp-content\/uploads\/2025\/01\/Benalmadena-Harbor-300x300.jpg 300w, https:\/\/sunsandsrentals.com\/wp-content\/uploads\/2025\/01\/Benalmadena-Harbor-150x150.jpg 150w, https:\/\/sunsandsrentals.com\/wp-content\/uploads\/2025\/01\/Benalmadena-Harbor-768x768.jpg 768w, https:\/\/sunsandsrentals.com\/wp-content\/uploads\/2025\/01\/Benalmadena-Harbor-12x12.jpg 12w, https:\/\/sunsandsrentals.com\/wp-content\/uploads\/2025\/01\/Benalmadena-Harbor-75x75.jpg 75w\" sizes=\"(max-width: 800px) 100vw, 800px\" \/>\t\t\t\t\t\t\t\t\t\t\t\t\t\t\t<\/div>\n\t\t\t\t<\/div>\n\t\t\t\t\t<\/div>\n\t\t<\/div>\n\t\t\t\t\t<\/div>\n\t\t<\/section>\n\t\t\t\t<section class=\"elementor-section elementor-top-section elementor-element elementor-element-4221d27 elementor-section-boxed elementor-section-height-default elementor-section-height-default elementor-invisible\" data-id=\"4221d27\" data-element_type=\"section\" data-e-type=\"section\" data-settings=\"{&quot;animation&quot;:&quot;fadeIn&quot;}\">\n\t\t\t\t\t\t<div class=\"elementor-container elementor-column-gap-default\">\n\t\t\t\t\t<div class=\"elementor-column elementor-col-50 elementor-top-column elementor-element elementor-element-974ea1f\" data-id=\"974ea1f\" data-element_type=\"column\" data-e-type=\"column\">\n\t\t\t<div class=\"elementor-widget-wrap elementor-element-populated\">\n\t\t\t\t\t\t<div class=\"elementor-element elementor-element-e131666 elementor-widget elementor-widget-image\" data-id=\"e131666\" data-element_type=\"widget\" data-e-type=\"widget\" data-widget_type=\"image.default\">\n\t\t\t\t<div class=\"elementor-widget-container\">\n\t\t\t\t\t\t\t\t\t\t\t\t\t\t\t<img loading=\"lazy\" decoding=\"async\" width=\"1000\" height=\"1000\" src=\"https:\/\/sunsandsrentals.com\/wp-content\/uploads\/2025\/01\/Benalmadena-genieten.jpg\" class=\"attachment-large size-large wp-image-202\" alt=\"\" srcset=\"https:\/\/sunsandsrentals.com\/wp-content\/uploads\/2025\/01\/Benalmadena-genieten.jpg 1000w, https:\/\/sunsandsrentals.com\/wp-content\/uploads\/2025\/01\/Benalmadena-genieten-300x300.jpg 300w, https:\/\/sunsandsrentals.com\/wp-content\/uploads\/2025\/01\/Benalmadena-genieten-150x150.jpg 150w, https:\/\/sunsandsrentals.com\/wp-content\/uploads\/2025\/01\/Benalmadena-genieten-768x768.jpg 768w, https:\/\/sunsandsrentals.com\/wp-content\/uploads\/2025\/01\/Benalmadena-genieten-12x12.jpg 12w, https:\/\/sunsandsrentals.com\/wp-content\/uploads\/2025\/01\/Benalmadena-genieten-75x75.jpg 75w\" sizes=\"(max-width: 1000px) 100vw, 1000px\" \/>\t\t\t\t\t\t\t\t\t\t\t\t\t\t\t<\/div>\n\t\t\t\t<\/div>\n\t\t\t\t\t<\/div>\n\t\t<\/div>\n\t\t\t\t<div class=\"elementor-column elementor-col-50 elementor-top-column elementor-element elementor-element-00e6b4e\" data-id=\"00e6b4e\" data-element_type=\"column\" data-e-type=\"column\">\n\t\t\t<div class=\"elementor-widget-wrap elementor-element-populated\">\n\t\t\t\t\t\t<div class=\"elementor-element elementor-element-d795d86 elementor-widget elementor-widget-heading\" data-id=\"d795d86\" data-element_type=\"widget\" data-e-type=\"widget\" data-widget_type=\"heading.default\">\n\t\t\t\t<div class=\"elementor-widget-container\">\n\t\t\t\t\t<h2 class=\"elementor-heading-title elementor-size-default\">Disfrutar todo el a\u00f1o<\/h2>\t\t\t\t<\/div>\n\t\t\t\t<\/div>\n\t\t\t\t<div class=\"elementor-element elementor-element-575ecd0 elementor-widget elementor-widget-text-editor\" data-id=\"575ecd0\" data-element_type=\"widget\" data-e-type=\"widget\" data-widget_type=\"text-editor.default\">\n\t\t\t\t<div class=\"elementor-widget-container\">\n\t\t\t\t\t\t\t\t\t<p><span style=\"font-weight: 400;\">Con m\u00e1s de 300 d\u00edas de sol al a\u00f1o y temperaturas suaves en invierno, Benalm\u00e1dena es un destino para todo el a\u00f1o. Tanto si quiere disfrutar del sol del verano, explorar la hermosa naturaleza en primavera o escapar del fr\u00edo del invierno, Benalm\u00e1dena siempre le ofrece una c\u00e1lida bienvenida.<\/span><\/p><p><strong>\u00bfPor qu\u00e9 esperar?<\/strong><br \/>Benalm\u00e1dena es un destino que encanta a cualquiera por su belleza, versatilidad y hospitalidad. Tanto si busca relax, aventura o una mezcla de ambos, esta joya de la Costa del Sol se lo ofrece todo. \u00a1Haga de sus pr\u00f3ximas vacaciones una experiencia inolvidable en Benalm\u00e1dena!<\/p>\t\t\t\t\t\t\t\t<\/div>\n\t\t\t\t<\/div>\n\t\t\t\t\t<\/div>\n\t\t<\/div>\n\t\t\t\t\t<\/div>\n\t\t<\/section>\n\t\t\t\t<section class=\"elementor-section elementor-top-section elementor-element elementor-element-3f3987b elementor-section-stretched elementor-section-boxed elementor-section-height-default elementor-section-height-default elementor-invisible\" data-id=\"3f3987b\" data-element_type=\"section\" data-e-type=\"section\" data-settings=\"{&quot;stretch_section&quot;:&quot;section-stretched&quot;,&quot;background_background&quot;:&quot;classic&quot;,&quot;animation&quot;:&quot;fadeIn&quot;}\">\n\t\t\t\t\t\t\t<div class=\"elementor-background-overlay\"><\/div>\n\t\t\t\t\t\t\t<div class=\"elementor-container elementor-column-gap-default\">\n\t\t\t\t\t<div class=\"elementor-column elementor-col-100 elementor-top-column elementor-element elementor-element-07a2e96\" data-id=\"07a2e96\" data-element_type=\"column\" data-e-type=\"column\">\n\t\t\t<div class=\"elementor-widget-wrap elementor-element-populated\">\n\t\t\t\t\t\t<div class=\"elementor-element elementor-element-0818606 elementor-widget elementor-widget-heading\" data-id=\"0818606\" data-element_type=\"widget\" data-e-type=\"widget\" data-widget_type=\"heading.default\">\n\t\t\t\t<div class=\"elementor-widget-container\">\n\t\t\t\t\t<h2 class=\"elementor-heading-title elementor-size-default\">\u00bfQuiere saber m\u00e1s?<\/h2>\t\t\t\t<\/div>\n\t\t\t\t<\/div>\n\t\t\t\t<div class=\"elementor-element elementor-element-7586d0f elementor-widget elementor-widget-text-editor\" data-id=\"7586d0f\" data-element_type=\"widget\" data-e-type=\"widget\" data-widget_type=\"text-editor.default\">\n\t\t\t\t<div class=\"elementor-widget-container\">\n\t\t\t\t\t\t\t\t\t<p>\u00bfBusca m\u00e1s informaci\u00f3n sobre los pisos, la disponibilidad o los alrededores, por ejemplo? <br \/>Estaremos encantados de ayudarle. Puede ponerse en contacto con nosotros en la p\u00e1gina de contacto:<\/p>\t\t\t\t\t\t\t\t<\/div>\n\t\t\t\t<\/div>\n\t\t\t\t<div class=\"elementor-element elementor-element-d492495 elementor-align-center elementor-widget elementor-widget-button\" data-id=\"d492495\" data-element_type=\"widget\" data-e-type=\"widget\" data-widget_type=\"button.default\">\n\t\t\t\t<div class=\"elementor-widget-container\">\n\t\t\t\t\t\t\t\t\t<div class=\"elementor-button-wrapper\">\n\t\t\t\t\t<a class=\"elementor-button elementor-button-link elementor-size-sm elementor-animation-grow\" href=\"https:\/\/sunsandsrentals.com\/es\/contact\/\">\n\t\t\t\t\t\t<span class=\"elementor-button-content-wrapper\">\n\t\t\t\t\t\t\t\t\t<span class=\"elementor-button-text\">P\u00f3ngase en contacto con<\/span>\n\t\t\t\t\t<\/span>\n\t\t\t\t\t<\/a>\n\t\t\t\t<\/div>\n\t\t\t\t\t\t\t\t<\/div>\n\t\t\t\t<\/div>\n\t\t\t\t\t<\/div>\n\t\t<\/div>\n\t\t\t\t\t<\/div>\n\t\t<\/section>\n\t\t\t\t<\/div>","protected":false},"excerpt":{"rendered":"<p>Discover Benalm\u00e1dena Benalm\u00e1dena, gelegen aan de zonovergoten Costa del Sol in Zuid-Spanje, is een bestemming die alles biedt voor een perfecte vakantie. Dit charmante stadje combineert prachtige stranden, rijke cultuur en een ontspannen mediterrane sfeer, waardoor het een geliefde plek is voor reizigers van over de hele wereld. Adembenemende StrandenMet meer dan 10 kilometer aan [&hellip;]<\/p>\n","protected":false},"author":1,"featured_media":0,"parent":0,"menu_order":0,"comment_status":"closed","ping_status":"closed","template":"elementor_header_footer","meta":{"_genesis_hide_title":false,"_genesis_hide_breadcrumbs":false,"_genesis_hide_singular_image":false,"_genesis_hide_footer_widgets":false,"_genesis_custom_body_class":"","_genesis_custom_post_class":"","_genesis_layout":"","footnotes":""},"class_list":{"0":"post-34","1":"page","2":"type-page","3":"status-publish","5":"entry"},"_links":{"self":[{"href":"https:\/\/sunsandsrentals.com\/es\/wp-json\/wp\/v2\/pages\/34","targetHints":{"allow":["GET"]}}],"collection":[{"href":"https:\/\/sunsandsrentals.com\/es\/wp-json\/wp\/v2\/pages"}],"about":[{"href":"https:\/\/sunsandsrentals.com\/es\/wp-json\/wp\/v2\/types\/page"}],"author":[{"embeddable":true,"href":"https:\/\/sunsandsrentals.com\/es\/wp-json\/wp\/v2\/users\/1"}],"replies":[{"embeddable":true,"href":"https:\/\/sunsandsrentals.com\/es\/wp-json\/wp\/v2\/comments?post=34"}],"version-history":[{"count":23,"href":"https:\/\/sunsandsrentals.com\/es\/wp-json\/wp\/v2\/pages\/34\/revisions"}],"predecessor-version":[{"id":463,"href":"https:\/\/sunsandsrentals.com\/es\/wp-json\/wp\/v2\/pages\/34\/revisions\/463"}],"wp:attachment":[{"href":"https:\/\/sunsandsrentals.com\/es\/wp-json\/wp\/v2\/media?parent=34"}],"curies":[{"name":"wp","href":"https:\/\/api.w.org\/{rel}","templated":true}]}}