{"id":34,"date":"2024-12-04T15:45:14","date_gmt":"2024-12-04T15:45:14","guid":{"rendered":"https:\/\/sunsandsrentals.com\/?page_id=34"},"modified":"2025-06-02T10:07:05","modified_gmt":"2025-06-02T10:07:05","slug":"discover-benalmadena","status":"publish","type":"page","link":"https:\/\/sunsandsrentals.com\/fr\/discover-benalmadena\/","title":{"rendered":"D\u00e9couvrir Benalm\u00e1dena"},"content":{"rendered":"<div data-elementor-type=\"wp-page\" data-elementor-id=\"34\" class=\"elementor elementor-34\" data-elementor-post-type=\"page\">\n\t\t\t\t\t\t<section class=\"elementor-section elementor-top-section elementor-element elementor-element-8fb6396 elementor-section-boxed elementor-section-height-default elementor-section-height-default elementor-invisible\" data-id=\"8fb6396\" data-element_type=\"section\" data-e-type=\"section\" data-settings=\"{&quot;animation&quot;:&quot;fadeIn&quot;}\">\n\t\t\t\t\t\t<div class=\"elementor-container elementor-column-gap-default\">\n\t\t\t\t\t<div class=\"elementor-column elementor-col-50 elementor-top-column elementor-element elementor-element-39e2a7b\" data-id=\"39e2a7b\" data-element_type=\"column\" data-e-type=\"column\">\n\t\t\t<div class=\"elementor-widget-wrap elementor-element-populated\">\n\t\t\t\t\t\t<div class=\"elementor-element elementor-element-f93b409 elementor-widget elementor-widget-heading\" data-id=\"f93b409\" data-element_type=\"widget\" data-e-type=\"widget\" data-widget_type=\"heading.default\">\n\t\t\t\t<div class=\"elementor-widget-container\">\n\t\t\t\t\t<h1 class=\"elementor-heading-title elementor-size-default\">D\u00e9couvrir Benalm\u00e1dena<\/h1>\t\t\t\t<\/div>\n\t\t\t\t<\/div>\n\t\t\t\t<div class=\"elementor-element elementor-element-e0c2204 elementor-widget elementor-widget-text-editor\" data-id=\"e0c2204\" data-element_type=\"widget\" data-e-type=\"widget\" data-widget_type=\"text-editor.default\">\n\t\t\t\t<div class=\"elementor-widget-container\">\n\t\t\t\t\t\t\t\t\t<p><span style=\"font-weight: 400;\">Situ\u00e9e sur la Costa del Sol, au sud de l'Espagne, Benalm\u00e1dena est une destination qui offre tout ce qu'il faut pour des vacances parfaites. Cette charmante ville allie de belles plages, une culture riche et une atmosph\u00e8re m\u00e9diterran\u00e9enne d\u00e9tendue, ce qui en fait un lieu tr\u00e8s pris\u00e9 des voyageurs du monde entier.<\/span><span style=\"font-weight: 400;\"><br \/><\/span><span style=\"font-weight: 400;\"><br \/><\/span><strong>Des plages \u00e0 couper le souffle<br \/><\/strong><span style=\"font-weight: 400;\">Avec plus de 10 kilom\u00e8tres de plages de sable dor\u00e9 et des eaux cristallines, Benalm\u00e1dena est un paradis pour les amateurs de soleil. Que vous souhaitiez vous d\u00e9tendre sur la plage tranquille de Malapesquera ou que vous pr\u00e9f\u00e9riez l'animation de Playa Arroyo de la Miel, il y a une plage pour chacun. La promenade le long de la c\u00f4te invite \u00e0 des promenades d\u00e9tendues tout en profitant des vues sur la mer M\u00e9diterran\u00e9e.<\/span><\/p>\t\t\t\t\t\t\t\t<\/div>\n\t\t\t\t<\/div>\n\t\t\t\t\t<\/div>\n\t\t<\/div>\n\t\t\t\t<div class=\"elementor-column elementor-col-50 elementor-top-column elementor-element elementor-element-766bccd\" data-id=\"766bccd\" data-element_type=\"column\" data-e-type=\"column\">\n\t\t\t<div class=\"elementor-widget-wrap elementor-element-populated\">\n\t\t\t\t\t\t<div class=\"elementor-element elementor-element-854aec2 elementor-widget elementor-widget-image\" data-id=\"854aec2\" data-element_type=\"widget\" data-e-type=\"widget\" data-widget_type=\"image.default\">\n\t\t\t\t<div class=\"elementor-widget-container\">\n\t\t\t\t\t\t\t\t\t\t\t\t\t\t\t<img fetchpriority=\"high\" decoding=\"async\" width=\"800\" height=\"800\" src=\"https:\/\/sunsandsrentals.com\/wp-content\/uploads\/2025\/01\/Benalmadena-Beach.jpg\" class=\"attachment-large size-large wp-image-70\" alt=\"\" srcset=\"https:\/\/sunsandsrentals.com\/wp-content\/uploads\/2025\/01\/Benalmadena-Beach.jpg 800w, https:\/\/sunsandsrentals.com\/wp-content\/uploads\/2025\/01\/Benalmadena-Beach-300x300.jpg 300w, https:\/\/sunsandsrentals.com\/wp-content\/uploads\/2025\/01\/Benalmadena-Beach-150x150.jpg 150w, https:\/\/sunsandsrentals.com\/wp-content\/uploads\/2025\/01\/Benalmadena-Beach-768x768.jpg 768w, https:\/\/sunsandsrentals.com\/wp-content\/uploads\/2025\/01\/Benalmadena-Beach-75x75.jpg 75w\" sizes=\"(max-width: 800px) 100vw, 800px\" \/>\t\t\t\t\t\t\t\t\t\t\t\t\t\t\t<\/div>\n\t\t\t\t<\/div>\n\t\t\t\t\t<\/div>\n\t\t<\/div>\n\t\t\t\t\t<\/div>\n\t\t<\/section>\n\t\t\t\t<section class=\"elementor-section elementor-top-section elementor-element elementor-element-2847ddd elementor-section-boxed elementor-section-height-default elementor-section-height-default elementor-invisible\" data-id=\"2847ddd\" data-element_type=\"section\" data-e-type=\"section\" data-settings=\"{&quot;animation&quot;:&quot;fadeIn&quot;}\">\n\t\t\t\t\t\t<div class=\"elementor-container elementor-column-gap-default\">\n\t\t\t\t\t<div class=\"elementor-column elementor-col-50 elementor-top-column elementor-element elementor-element-3b7d246\" data-id=\"3b7d246\" data-element_type=\"column\" data-e-type=\"column\">\n\t\t\t<div class=\"elementor-widget-wrap elementor-element-populated\">\n\t\t\t\t\t\t<div class=\"elementor-element elementor-element-33f47dd elementor-widget elementor-widget-image\" data-id=\"33f47dd\" data-element_type=\"widget\" data-e-type=\"widget\" data-widget_type=\"image.default\">\n\t\t\t\t<div class=\"elementor-widget-container\">\n\t\t\t\t\t\t\t\t\t\t\t\t\t\t\t<img decoding=\"async\" width=\"800\" height=\"800\" src=\"https:\/\/sunsandsrentals.com\/wp-content\/uploads\/2025\/01\/Benalmadena-Beach-1.jpg\" class=\"attachment-large size-large wp-image-100\" alt=\"\" srcset=\"https:\/\/sunsandsrentals.com\/wp-content\/uploads\/2025\/01\/Benalmadena-Beach-1.jpg 800w, https:\/\/sunsandsrentals.com\/wp-content\/uploads\/2025\/01\/Benalmadena-Beach-1-300x300.jpg 300w, https:\/\/sunsandsrentals.com\/wp-content\/uploads\/2025\/01\/Benalmadena-Beach-1-150x150.jpg 150w, https:\/\/sunsandsrentals.com\/wp-content\/uploads\/2025\/01\/Benalmadena-Beach-1-768x768.jpg 768w, https:\/\/sunsandsrentals.com\/wp-content\/uploads\/2025\/01\/Benalmadena-Beach-1-75x75.jpg 75w\" sizes=\"(max-width: 800px) 100vw, 800px\" \/>\t\t\t\t\t\t\t\t\t\t\t\t\t\t\t<\/div>\n\t\t\t\t<\/div>\n\t\t\t\t\t<\/div>\n\t\t<\/div>\n\t\t\t\t<div class=\"elementor-column elementor-col-50 elementor-top-column elementor-element elementor-element-642216a\" data-id=\"642216a\" data-element_type=\"column\" data-e-type=\"column\">\n\t\t\t<div class=\"elementor-widget-wrap elementor-element-populated\">\n\t\t\t\t\t\t<div class=\"elementor-element elementor-element-2dee517 elementor-widget elementor-widget-heading\" data-id=\"2dee517\" data-element_type=\"widget\" data-e-type=\"widget\" data-widget_type=\"heading.default\">\n\t\t\t\t<div class=\"elementor-widget-container\">\n\t\t\t\t\t<h2 class=\"elementor-heading-title elementor-size-default\">Vue d'ensemble<\/h2>\t\t\t\t<\/div>\n\t\t\t\t<\/div>\n\t\t\t\t<div class=\"elementor-element elementor-element-be9b4a1 elementor-widget elementor-widget-text-editor\" data-id=\"be9b4a1\" data-element_type=\"widget\" data-e-type=\"widget\" data-widget_type=\"text-editor.default\">\n\t\t\t\t<div class=\"elementor-widget-container\">\n\t\t\t\t\t\t\t\t\t<p><span style=\"font-weight: 400;\">Benalm\u00e1dena est bien plus qu'une simple destination de plage. Le vieux village historique, connu sous le nom de Benalm\u00e1dena Pueblo, est un endroit pittoresque plein de maisons blanches, de rues \u00e9troites et de fleurs color\u00e9es. Visitez le Stupa de l'Illumination, le plus grand stupa bouddhiste d'Europe, ou d\u00e9couvrez le Castillo de Colomares, un impressionnant ch\u00e2teau construit en l'honneur des voyages de d\u00e9couverte de Christophe Colomb.<\/span><span style=\"font-weight: 400;\"><br \/><\/span><span style=\"font-weight: 400;\"><br \/><\/span><strong>Un monde d'aventures<br \/><\/strong><span style=\"font-weight: 400;\">Pour les familles et les aventuriers, Benalm\u00e1dena offre de nombreuses activit\u00e9s. Le c\u00e9l\u00e8bre parc d'attractions Tivoli World et la marina interactive Selwo Marina en font un paradis pour les enfants. Les amoureux des animaux pourront \u00e9galement se rendre \u00e0 l'aquarium Sea Life, o\u00f9 ils pourront admirer la vie marine de pr\u00e8s.<\/span><span style=\"font-weight: 400;\"><br \/><\/span><\/p>\t\t\t\t\t\t\t\t<\/div>\n\t\t\t\t<\/div>\n\t\t\t\t\t<\/div>\n\t\t<\/div>\n\t\t\t\t\t<\/div>\n\t\t<\/section>\n\t\t\t\t<section class=\"elementor-section elementor-top-section elementor-element elementor-element-454e7ba elementor-section-boxed elementor-section-height-default elementor-section-height-default elementor-invisible\" data-id=\"454e7ba\" data-element_type=\"section\" data-e-type=\"section\" data-settings=\"{&quot;animation&quot;:&quot;fadeIn&quot;}\">\n\t\t\t\t\t\t<div class=\"elementor-container elementor-column-gap-default\">\n\t\t\t\t\t<div class=\"elementor-column elementor-col-50 elementor-top-column elementor-element elementor-element-900ab29\" data-id=\"900ab29\" data-element_type=\"column\" data-e-type=\"column\">\n\t\t\t<div class=\"elementor-widget-wrap elementor-element-populated\">\n\t\t\t\t\t\t<div class=\"elementor-element elementor-element-f4f9bc7 elementor-widget elementor-widget-heading\" data-id=\"f4f9bc7\" data-element_type=\"widget\" data-e-type=\"widget\" data-widget_type=\"heading.default\">\n\t\t\t\t<div class=\"elementor-widget-container\">\n\t\t\t\t\t<h2 class=\"elementor-heading-title elementor-size-default\">Port confortable et nature<\/h2>\t\t\t\t<\/div>\n\t\t\t\t<\/div>\n\t\t\t\t<div class=\"elementor-element elementor-element-2e84faa elementor-widget elementor-widget-text-editor\" data-id=\"2e84faa\" data-element_type=\"widget\" data-e-type=\"widget\" data-widget_type=\"text-editor.default\">\n\t\t\t\t<div class=\"elementor-widget-container\">\n\t\t\t\t\t\t\t\t\t<p><span style=\"font-weight: 400;\">Le luxueux port de plaisance de Benalm\u00e1dena, Puerto Marina, est l'un des plus beaux d'Europe. Vous y trouverez d'excellents restaurants, bars et boutiques, qui offrent tous une vue imprenable sur les bateaux. Pour les amoureux de la nature, un trajet en t\u00e9l\u00e9ph\u00e9rique jusqu'au sommet du mont Calamorro s'impose. La vue est spectaculaire et offre une vue panoramique sur toute la c\u00f4te.<br \/><br \/><strong>La vie m\u00e9diterran\u00e9enne<\/strong><br \/>Benalm\u00e1dena offre une riche exp\u00e9rience culinaire, avec des plats espagnols traditionnels tels que des fruits de mer frais, de la paella et des tapas. L'atmosph\u00e8re d\u00e9tendue des restaurants et caf\u00e9s locaux donne l'impression que le temps s'est arr\u00eat\u00e9 pour un moment.<br \/><\/span><\/p>\t\t\t\t\t\t\t\t<\/div>\n\t\t\t\t<\/div>\n\t\t\t\t\t<\/div>\n\t\t<\/div>\n\t\t\t\t<div class=\"elementor-column elementor-col-50 elementor-top-column elementor-element elementor-element-884be6b\" data-id=\"884be6b\" data-element_type=\"column\" data-e-type=\"column\">\n\t\t\t<div class=\"elementor-widget-wrap elementor-element-populated\">\n\t\t\t\t\t\t<div class=\"elementor-element elementor-element-460e3b2 elementor-widget elementor-widget-image\" data-id=\"460e3b2\" data-element_type=\"widget\" data-e-type=\"widget\" data-widget_type=\"image.default\">\n\t\t\t\t<div class=\"elementor-widget-container\">\n\t\t\t\t\t\t\t\t\t\t\t\t\t\t\t<img decoding=\"async\" width=\"800\" height=\"800\" src=\"https:\/\/sunsandsrentals.com\/wp-content\/uploads\/2025\/01\/Benalmadena-Harbor.jpg\" class=\"attachment-large size-large wp-image-201\" alt=\"\" srcset=\"https:\/\/sunsandsrentals.com\/wp-content\/uploads\/2025\/01\/Benalmadena-Harbor.jpg 800w, https:\/\/sunsandsrentals.com\/wp-content\/uploads\/2025\/01\/Benalmadena-Harbor-300x300.jpg 300w, https:\/\/sunsandsrentals.com\/wp-content\/uploads\/2025\/01\/Benalmadena-Harbor-150x150.jpg 150w, https:\/\/sunsandsrentals.com\/wp-content\/uploads\/2025\/01\/Benalmadena-Harbor-768x768.jpg 768w, https:\/\/sunsandsrentals.com\/wp-content\/uploads\/2025\/01\/Benalmadena-Harbor-12x12.jpg 12w, https:\/\/sunsandsrentals.com\/wp-content\/uploads\/2025\/01\/Benalmadena-Harbor-75x75.jpg 75w\" sizes=\"(max-width: 800px) 100vw, 800px\" \/>\t\t\t\t\t\t\t\t\t\t\t\t\t\t\t<\/div>\n\t\t\t\t<\/div>\n\t\t\t\t\t<\/div>\n\t\t<\/div>\n\t\t\t\t\t<\/div>\n\t\t<\/section>\n\t\t\t\t<section class=\"elementor-section elementor-top-section elementor-element elementor-element-4221d27 elementor-section-boxed elementor-section-height-default elementor-section-height-default elementor-invisible\" data-id=\"4221d27\" data-element_type=\"section\" data-e-type=\"section\" data-settings=\"{&quot;animation&quot;:&quot;fadeIn&quot;}\">\n\t\t\t\t\t\t<div class=\"elementor-container elementor-column-gap-default\">\n\t\t\t\t\t<div class=\"elementor-column elementor-col-50 elementor-top-column elementor-element elementor-element-974ea1f\" data-id=\"974ea1f\" data-element_type=\"column\" data-e-type=\"column\">\n\t\t\t<div class=\"elementor-widget-wrap elementor-element-populated\">\n\t\t\t\t\t\t<div class=\"elementor-element elementor-element-e131666 elementor-widget elementor-widget-image\" data-id=\"e131666\" data-element_type=\"widget\" data-e-type=\"widget\" data-widget_type=\"image.default\">\n\t\t\t\t<div class=\"elementor-widget-container\">\n\t\t\t\t\t\t\t\t\t\t\t\t\t\t\t<img loading=\"lazy\" decoding=\"async\" width=\"1000\" height=\"1000\" src=\"https:\/\/sunsandsrentals.com\/wp-content\/uploads\/2025\/01\/Benalmadena-genieten.jpg\" class=\"attachment-large size-large wp-image-202\" alt=\"\" srcset=\"https:\/\/sunsandsrentals.com\/wp-content\/uploads\/2025\/01\/Benalmadena-genieten.jpg 1000w, https:\/\/sunsandsrentals.com\/wp-content\/uploads\/2025\/01\/Benalmadena-genieten-300x300.jpg 300w, https:\/\/sunsandsrentals.com\/wp-content\/uploads\/2025\/01\/Benalmadena-genieten-150x150.jpg 150w, https:\/\/sunsandsrentals.com\/wp-content\/uploads\/2025\/01\/Benalmadena-genieten-768x768.jpg 768w, https:\/\/sunsandsrentals.com\/wp-content\/uploads\/2025\/01\/Benalmadena-genieten-12x12.jpg 12w, https:\/\/sunsandsrentals.com\/wp-content\/uploads\/2025\/01\/Benalmadena-genieten-75x75.jpg 75w\" sizes=\"(max-width: 1000px) 100vw, 1000px\" \/>\t\t\t\t\t\t\t\t\t\t\t\t\t\t\t<\/div>\n\t\t\t\t<\/div>\n\t\t\t\t\t<\/div>\n\t\t<\/div>\n\t\t\t\t<div class=\"elementor-column elementor-col-50 elementor-top-column elementor-element elementor-element-00e6b4e\" data-id=\"00e6b4e\" data-element_type=\"column\" data-e-type=\"column\">\n\t\t\t<div class=\"elementor-widget-wrap elementor-element-populated\">\n\t\t\t\t\t\t<div class=\"elementor-element elementor-element-d795d86 elementor-widget elementor-widget-heading\" data-id=\"d795d86\" data-element_type=\"widget\" data-e-type=\"widget\" data-widget_type=\"heading.default\">\n\t\t\t\t<div class=\"elementor-widget-container\">\n\t\t\t\t\t<h2 class=\"elementor-heading-title elementor-size-default\">En profiter tout au long de l'ann\u00e9e<\/h2>\t\t\t\t<\/div>\n\t\t\t\t<\/div>\n\t\t\t\t<div class=\"elementor-element elementor-element-575ecd0 elementor-widget elementor-widget-text-editor\" data-id=\"575ecd0\" data-element_type=\"widget\" data-e-type=\"widget\" data-widget_type=\"text-editor.default\">\n\t\t\t\t<div class=\"elementor-widget-container\">\n\t\t\t\t\t\t\t\t\t<p><span style=\"font-weight: 400;\">Avec plus de 300 jours de soleil par an et des temp\u00e9ratures douces en hiver, Benalm\u00e1dena est une destination qui dure toute l'ann\u00e9e. Que vous souhaitiez profiter du soleil de l'\u00e9t\u00e9, explorer la nature au printemps ou \u00e9chapper au froid de l'hiver, Benalm\u00e1dena vous r\u00e9serve toujours un accueil chaleureux.<\/span><\/p><p><strong>Pourquoi attendre ?<\/strong><br \/>Benalm\u00e1dena est une destination qui enchante tout le monde par sa beaut\u00e9, sa polyvalence et son hospitalit\u00e9. Que vous recherchiez la d\u00e9tente, l'aventure ou un m\u00e9lange des deux, ce joyau de la Costa del Sol vous offre tout ce dont vous avez besoin. Faites de vos prochaines vacances une exp\u00e9rience inoubliable \u00e0 Benalm\u00e1dena !<\/p>\t\t\t\t\t\t\t\t<\/div>\n\t\t\t\t<\/div>\n\t\t\t\t\t<\/div>\n\t\t<\/div>\n\t\t\t\t\t<\/div>\n\t\t<\/section>\n\t\t\t\t<section class=\"elementor-section elementor-top-section elementor-element elementor-element-3f3987b elementor-section-stretched elementor-section-boxed elementor-section-height-default elementor-section-height-default elementor-invisible\" data-id=\"3f3987b\" data-element_type=\"section\" data-e-type=\"section\" data-settings=\"{&quot;stretch_section&quot;:&quot;section-stretched&quot;,&quot;background_background&quot;:&quot;classic&quot;,&quot;animation&quot;:&quot;fadeIn&quot;}\">\n\t\t\t\t\t\t\t<div class=\"elementor-background-overlay\"><\/div>\n\t\t\t\t\t\t\t<div class=\"elementor-container elementor-column-gap-default\">\n\t\t\t\t\t<div class=\"elementor-column elementor-col-100 elementor-top-column elementor-element elementor-element-07a2e96\" data-id=\"07a2e96\" data-element_type=\"column\" data-e-type=\"column\">\n\t\t\t<div class=\"elementor-widget-wrap elementor-element-populated\">\n\t\t\t\t\t\t<div class=\"elementor-element elementor-element-0818606 elementor-widget elementor-widget-heading\" data-id=\"0818606\" data-element_type=\"widget\" data-e-type=\"widget\" data-widget_type=\"heading.default\">\n\t\t\t\t<div class=\"elementor-widget-container\">\n\t\t\t\t\t<h2 class=\"elementor-heading-title elementor-size-default\">Curieux d'en savoir plus ?<\/h2>\t\t\t\t<\/div>\n\t\t\t\t<\/div>\n\t\t\t\t<div class=\"elementor-element elementor-element-7586d0f elementor-widget elementor-widget-text-editor\" data-id=\"7586d0f\" data-element_type=\"widget\" data-e-type=\"widget\" data-widget_type=\"text-editor.default\">\n\t\t\t\t<div class=\"elementor-widget-container\">\n\t\t\t\t\t\t\t\t\t<p>Vous cherchez plus d'informations sur les appartements, les disponibilit\u00e9s ou les environs, par exemple ? <br \/>Nous serons heureux de vous aider. Vous pouvez nous contacter en vous rendant sur la page de contact :<\/p>\t\t\t\t\t\t\t\t<\/div>\n\t\t\t\t<\/div>\n\t\t\t\t<div class=\"elementor-element elementor-element-d492495 elementor-align-center elementor-widget elementor-widget-button\" data-id=\"d492495\" data-element_type=\"widget\" data-e-type=\"widget\" data-widget_type=\"button.default\">\n\t\t\t\t<div class=\"elementor-widget-container\">\n\t\t\t\t\t\t\t\t\t<div class=\"elementor-button-wrapper\">\n\t\t\t\t\t<a class=\"elementor-button elementor-button-link elementor-size-sm elementor-animation-grow\" href=\"https:\/\/sunsandsrentals.com\/fr\/contact\/\">\n\t\t\t\t\t\t<span class=\"elementor-button-content-wrapper\">\n\t\t\t\t\t\t\t\t\t<span class=\"elementor-button-text\">Contact<\/span>\n\t\t\t\t\t<\/span>\n\t\t\t\t\t<\/a>\n\t\t\t\t<\/div>\n\t\t\t\t\t\t\t\t<\/div>\n\t\t\t\t<\/div>\n\t\t\t\t\t<\/div>\n\t\t<\/div>\n\t\t\t\t\t<\/div>\n\t\t<\/section>\n\t\t\t\t<\/div>","protected":false},"excerpt":{"rendered":"<p>Discover Benalm\u00e1dena Benalm\u00e1dena, gelegen aan de zonovergoten Costa del Sol in Zuid-Spanje, is een bestemming die alles biedt voor een perfecte vakantie. Dit charmante stadje combineert prachtige stranden, rijke cultuur en een ontspannen mediterrane sfeer, waardoor het een geliefde plek is voor reizigers van over de hele wereld. Adembenemende StrandenMet meer dan 10 kilometer aan [&hellip;]<\/p>\n","protected":false},"author":1,"featured_media":0,"parent":0,"menu_order":0,"comment_status":"closed","ping_status":"closed","template":"elementor_header_footer","meta":{"_genesis_hide_title":false,"_genesis_hide_breadcrumbs":false,"_genesis_hide_singular_image":false,"_genesis_hide_footer_widgets":false,"_genesis_custom_body_class":"","_genesis_custom_post_class":"","_genesis_layout":"","footnotes":""},"class_list":{"0":"post-34","1":"page","2":"type-page","3":"status-publish","5":"entry"},"_links":{"self":[{"href":"https:\/\/sunsandsrentals.com\/fr\/wp-json\/wp\/v2\/pages\/34","targetHints":{"allow":["GET"]}}],"collection":[{"href":"https:\/\/sunsandsrentals.com\/fr\/wp-json\/wp\/v2\/pages"}],"about":[{"href":"https:\/\/sunsandsrentals.com\/fr\/wp-json\/wp\/v2\/types\/page"}],"author":[{"embeddable":true,"href":"https:\/\/sunsandsrentals.com\/fr\/wp-json\/wp\/v2\/users\/1"}],"replies":[{"embeddable":true,"href":"https:\/\/sunsandsrentals.com\/fr\/wp-json\/wp\/v2\/comments?post=34"}],"version-history":[{"count":23,"href":"https:\/\/sunsandsrentals.com\/fr\/wp-json\/wp\/v2\/pages\/34\/revisions"}],"predecessor-version":[{"id":463,"href":"https:\/\/sunsandsrentals.com\/fr\/wp-json\/wp\/v2\/pages\/34\/revisions\/463"}],"wp:attachment":[{"href":"https:\/\/sunsandsrentals.com\/fr\/wp-json\/wp\/v2\/media?parent=34"}],"curies":[{"name":"wp","href":"https:\/\/api.w.org\/{rel}","templated":true}]}}