{"id":372,"date":"2025-05-27T13:45:55","date_gmt":"2025-05-27T13:45:55","guid":{"rendered":"https:\/\/sunsandsrentals.com\/?page_id=372"},"modified":"2025-06-02T10:02:20","modified_gmt":"2025-06-02T10:02:20","slug":"discover-la-carihuela","status":"publish","type":"page","link":"https:\/\/sunsandsrentals.com\/fr\/discover-la-carihuela\/","title":{"rendered":"D\u00e9couvrir La Carihuela"},"content":{"rendered":"<div data-elementor-type=\"wp-page\" data-elementor-id=\"372\" class=\"elementor elementor-372\" data-elementor-post-type=\"page\">\n\t\t\t\t\t\t<section class=\"elementor-section elementor-top-section elementor-element elementor-element-276c135 elementor-section-boxed elementor-section-height-default elementor-section-height-default elementor-invisible\" data-id=\"276c135\" data-element_type=\"section\" data-e-type=\"section\" data-settings=\"{&quot;animation&quot;:&quot;fadeIn&quot;}\">\n\t\t\t\t\t\t<div class=\"elementor-container elementor-column-gap-default\">\n\t\t\t\t\t<div class=\"elementor-column elementor-col-50 elementor-top-column elementor-element elementor-element-2d1ad3f\" data-id=\"2d1ad3f\" data-element_type=\"column\" data-e-type=\"column\">\n\t\t\t<div class=\"elementor-widget-wrap elementor-element-populated\">\n\t\t\t\t\t\t<div class=\"elementor-element elementor-element-0d8a060 elementor-widget elementor-widget-heading\" data-id=\"0d8a060\" data-element_type=\"widget\" data-e-type=\"widget\" data-widget_type=\"heading.default\">\n\t\t\t\t<div class=\"elementor-widget-container\">\n\t\t\t\t\t<h1 class=\"elementor-heading-title elementor-size-default\">D\u00e9couvrir La Carihuela<\/h1>\t\t\t\t<\/div>\n\t\t\t\t<\/div>\n\t\t\t\t<div class=\"elementor-element elementor-element-0bfd845 elementor-widget elementor-widget-text-editor\" data-id=\"0bfd845\" data-element_type=\"widget\" data-e-type=\"widget\" data-widget_type=\"text-editor.default\">\n\t\t\t\t<div class=\"elementor-widget-container\">\n\t\t\t\t\t\t\t\t\t<p data-start=\"126\" data-end=\"462\">Situ\u00e9e dans le quartier anim\u00e9 de Torremolinos, sur la Costa del Sol, La Carihuela est une charmante station baln\u00e9aire \u00e0 l'histoire riche et \u00e0 l'atmosph\u00e8re d\u00e9contract\u00e9e, qui offre l'une des meilleures exp\u00e9riences de plage du sud de l'Espagne. Autrefois paisible village de p\u00eacheurs, elle est aujourd'hui devenue une destination de vacances tr\u00e8s pris\u00e9e, sans pour autant perdre son caract\u00e8re authentique.<\/p>\t\t\t\t\t\t\t\t<\/div>\n\t\t\t\t<\/div>\n\t\t\t\t<div class=\"elementor-element elementor-element-9ed3d14 elementor-widget elementor-widget-heading\" data-id=\"9ed3d14\" data-element_type=\"widget\" data-e-type=\"widget\" data-widget_type=\"heading.default\">\n\t\t\t\t<div class=\"elementor-widget-container\">\n\t\t\t\t\t<h2 class=\"elementor-heading-title elementor-size-default\">Le soleil, la mer et le boulevard<\/h2>\t\t\t\t<\/div>\n\t\t\t\t<\/div>\n\t\t\t\t<div class=\"elementor-element elementor-element-8dd95c3 elementor-widget elementor-widget-text-editor\" data-id=\"8dd95c3\" data-element_type=\"widget\" data-e-type=\"widget\" data-widget_type=\"text-editor.default\">\n\t\t\t\t<div class=\"elementor-widget-container\">\n\t\t\t\t\t\t\t\t\t<p data-start=\"503\" data-end=\"855\">Les vastes plages de sable de La Carihuela comptent parmi les plus belles de la r\u00e9gion. Vous y trouverez une eau cristalline, des chaises longues sous les palmiers qui se balancent et des bars de plage accueillants \u00e0 quelques minutes de marche. La large promenade est id\u00e9ale pour une promenade matinale ou un coucher de soleil romantique, avec de nombreuses terrasses agr\u00e9ables, des boutiques et des bars \u00e0 tapas le long du chemin.<\/p>\t\t\t\t\t\t\t\t<\/div>\n\t\t\t\t<\/div>\n\t\t\t\t\t<\/div>\n\t\t<\/div>\n\t\t\t\t<div class=\"elementor-column elementor-col-50 elementor-top-column elementor-element elementor-element-c9d72b9\" data-id=\"c9d72b9\" data-element_type=\"column\" data-e-type=\"column\">\n\t\t\t<div class=\"elementor-widget-wrap elementor-element-populated\">\n\t\t\t\t\t\t<div class=\"elementor-element elementor-element-5528fb2 elementor-widget elementor-widget-image\" data-id=\"5528fb2\" data-element_type=\"widget\" data-e-type=\"widget\" data-widget_type=\"image.default\">\n\t\t\t\t<div class=\"elementor-widget-container\">\n\t\t\t\t\t\t\t\t\t\t\t\t\t\t\t<img fetchpriority=\"high\" decoding=\"async\" width=\"800\" height=\"800\" src=\"https:\/\/sunsandsrentals.com\/wp-content\/uploads\/2025\/05\/Carihuela-1.jpg\" class=\"attachment-large size-large wp-image-382\" alt=\"\" srcset=\"https:\/\/sunsandsrentals.com\/wp-content\/uploads\/2025\/05\/Carihuela-1.jpg 800w, https:\/\/sunsandsrentals.com\/wp-content\/uploads\/2025\/05\/Carihuela-1-300x300.jpg 300w, https:\/\/sunsandsrentals.com\/wp-content\/uploads\/2025\/05\/Carihuela-1-150x150.jpg 150w, https:\/\/sunsandsrentals.com\/wp-content\/uploads\/2025\/05\/Carihuela-1-768x768.jpg 768w, https:\/\/sunsandsrentals.com\/wp-content\/uploads\/2025\/05\/Carihuela-1-75x75.jpg 75w\" sizes=\"(max-width: 800px) 100vw, 800px\" \/>\t\t\t\t\t\t\t\t\t\t\t\t\t\t\t<\/div>\n\t\t\t\t<\/div>\n\t\t\t\t\t<\/div>\n\t\t<\/div>\n\t\t\t\t\t<\/div>\n\t\t<\/section>\n\t\t\t\t<section class=\"elementor-section elementor-top-section elementor-element elementor-element-c72c566 elementor-section-boxed elementor-section-height-default elementor-section-height-default elementor-invisible\" data-id=\"c72c566\" data-element_type=\"section\" data-e-type=\"section\" data-settings=\"{&quot;animation&quot;:&quot;fadeIn&quot;}\">\n\t\t\t\t\t\t<div class=\"elementor-container elementor-column-gap-default\">\n\t\t\t\t\t<div class=\"elementor-column elementor-col-50 elementor-top-column elementor-element elementor-element-a9e6e39\" data-id=\"a9e6e39\" data-element_type=\"column\" data-e-type=\"column\">\n\t\t\t<div class=\"elementor-widget-wrap elementor-element-populated\">\n\t\t\t\t\t\t<div class=\"elementor-element elementor-element-08c7e2c elementor-widget elementor-widget-image\" data-id=\"08c7e2c\" data-element_type=\"widget\" data-e-type=\"widget\" data-widget_type=\"image.default\">\n\t\t\t\t<div class=\"elementor-widget-container\">\n\t\t\t\t\t\t\t\t\t\t\t\t\t\t\t<img decoding=\"async\" width=\"800\" height=\"800\" src=\"https:\/\/sunsandsrentals.com\/wp-content\/uploads\/2025\/05\/Carihuela-2.jpg\" class=\"attachment-large size-large wp-image-383\" alt=\"\" srcset=\"https:\/\/sunsandsrentals.com\/wp-content\/uploads\/2025\/05\/Carihuela-2.jpg 800w, https:\/\/sunsandsrentals.com\/wp-content\/uploads\/2025\/05\/Carihuela-2-300x300.jpg 300w, https:\/\/sunsandsrentals.com\/wp-content\/uploads\/2025\/05\/Carihuela-2-150x150.jpg 150w, https:\/\/sunsandsrentals.com\/wp-content\/uploads\/2025\/05\/Carihuela-2-768x768.jpg 768w, https:\/\/sunsandsrentals.com\/wp-content\/uploads\/2025\/05\/Carihuela-2-75x75.jpg 75w\" sizes=\"(max-width: 800px) 100vw, 800px\" \/>\t\t\t\t\t\t\t\t\t\t\t\t\t\t\t<\/div>\n\t\t\t\t<\/div>\n\t\t\t\t\t<\/div>\n\t\t<\/div>\n\t\t\t\t<div class=\"elementor-column elementor-col-50 elementor-top-column elementor-element elementor-element-2023d30\" data-id=\"2023d30\" data-element_type=\"column\" data-e-type=\"column\">\n\t\t\t<div class=\"elementor-widget-wrap elementor-element-populated\">\n\t\t\t\t\t\t<div class=\"elementor-element elementor-element-1bb7506 elementor-widget elementor-widget-heading\" data-id=\"1bb7506\" data-element_type=\"widget\" data-e-type=\"widget\" data-widget_type=\"heading.default\">\n\t\t\t\t<div class=\"elementor-widget-container\">\n\t\t\t\t\t<h2 class=\"elementor-heading-title elementor-size-default\">Authenticit\u00e9 et hospitalit\u00e9<\/h2>\t\t\t\t<\/div>\n\t\t\t\t<\/div>\n\t\t\t\t<div class=\"elementor-element elementor-element-e411e9b elementor-widget elementor-widget-text-editor\" data-id=\"e411e9b\" data-element_type=\"widget\" data-e-type=\"widget\" data-widget_type=\"text-editor.default\">\n\t\t\t\t<div class=\"elementor-widget-container\">\n\t\t\t\t\t\t\t\t\t<p data-start=\"894\" data-end=\"1177\">La Carihuela d\u00e9gage encore l'atmosph\u00e8re du village de p\u00eacheurs qu'elle \u00e9tait autrefois. Les rues \u00e9troites, les fa\u00e7ades color\u00e9es et les habitants sympathiques conf\u00e8rent \u00e0 la r\u00e9gion un caract\u00e8re chaleureux et convivial. Vous y d\u00e9couvrirez la vraie vie andalouse, avec une touche de nostalgie et beaucoup de confort moderne.<\/p>\t\t\t\t\t\t\t\t<\/div>\n\t\t\t\t<\/div>\n\t\t\t\t<div class=\"elementor-element elementor-element-2144037 elementor-widget elementor-widget-heading\" data-id=\"2144037\" data-element_type=\"widget\" data-e-type=\"widget\" data-widget_type=\"heading.default\">\n\t\t\t\t<div class=\"elementor-widget-container\">\n\t\t\t\t\t<h2 class=\"elementor-heading-title elementor-size-default\">Un Valhalla pour les gourmands<\/h2>\t\t\t\t<\/div>\n\t\t\t\t<\/div>\n\t\t\t\t<div class=\"elementor-element elementor-element-9f17d37 elementor-widget elementor-widget-text-editor\" data-id=\"9f17d37\" data-element_type=\"widget\" data-e-type=\"widget\" data-widget_type=\"text-editor.default\">\n\t\t\t\t<div class=\"elementor-widget-container\">\n\t\t\t\t\t\t\t\t\t<p>La Carihuela est connue pour son excellente gastronomie. Les amateurs de poisson sont particuli\u00e8rement combl\u00e9s : sardines fra\u00eeches sur le gril, calamars frits et le fameux pesca\u00edto frito (poisson frit) sont omnipr\u00e9sents. Le long de la promenade, de nombreux chiringuitos (restaurants de plage) proposent un d\u00e9licieux d\u00e9jeuner avec vue sur la mer.<\/p>\t\t\t\t\t\t\t\t<\/div>\n\t\t\t\t<\/div>\n\t\t\t\t\t<\/div>\n\t\t<\/div>\n\t\t\t\t\t<\/div>\n\t\t<\/section>\n\t\t\t\t<section class=\"elementor-section elementor-top-section elementor-element elementor-element-010f510 elementor-section-boxed elementor-section-height-default elementor-section-height-default elementor-invisible\" data-id=\"010f510\" data-element_type=\"section\" data-e-type=\"section\" data-settings=\"{&quot;animation&quot;:&quot;fadeIn&quot;}\">\n\t\t\t\t\t\t<div class=\"elementor-container elementor-column-gap-default\">\n\t\t\t\t\t<div class=\"elementor-column elementor-col-50 elementor-top-column elementor-element elementor-element-84f7efc\" data-id=\"84f7efc\" data-element_type=\"column\" data-e-type=\"column\">\n\t\t\t<div class=\"elementor-widget-wrap elementor-element-populated\">\n\t\t\t\t\t\t<div class=\"elementor-element elementor-element-9106322 elementor-widget elementor-widget-heading\" data-id=\"9106322\" data-element_type=\"widget\" data-e-type=\"widget\" data-widget_type=\"heading.default\">\n\t\t\t\t<div class=\"elementor-widget-container\">\n\t\t\t\t\t<h2 class=\"elementor-heading-title elementor-size-default\">Emplacement parfait<\/h2>\t\t\t\t<\/div>\n\t\t\t\t<\/div>\n\t\t\t\t<div class=\"elementor-element elementor-element-daefab9 elementor-widget elementor-widget-text-editor\" data-id=\"daefab9\" data-element_type=\"widget\" data-e-type=\"widget\" data-widget_type=\"text-editor.default\">\n\t\t\t\t<div class=\"elementor-widget-container\">\n\t\t\t\t\t\t\t\t\t<p data-start=\"1609\" data-end=\"1907\">Gr\u00e2ce \u00e0 sa situation centrale, La Carihuela constitue un point de d\u00e9part id\u00e9al pour explorer la Costa del Sol. En quelques minutes, vous pouvez vous rendre dans le centre anim\u00e9 de Torremolinos ou dans le quartier confortable de Benalm\u00e1dena. La ville de Malaga, avec son centre historique et ses mus\u00e9es, est \u00e9galement \u00e0 20 minutes.<\/p>\t\t\t\t\t\t\t\t<\/div>\n\t\t\t\t<\/div>\n\t\t\t\t<div class=\"elementor-element elementor-element-04acfaf elementor-widget elementor-widget-heading\" data-id=\"04acfaf\" data-element_type=\"widget\" data-e-type=\"widget\" data-widget_type=\"heading.default\">\n\t\t\t\t<div class=\"elementor-widget-container\">\n\t\t\t\t\t<h2 class=\"elementor-heading-title elementor-size-default\">Vacances toute l'ann\u00e9e<\/h2>\t\t\t\t<\/div>\n\t\t\t\t<\/div>\n\t\t\t\t<div class=\"elementor-element elementor-element-35daa23 elementor-widget elementor-widget-text-editor\" data-id=\"35daa23\" data-element_type=\"widget\" data-e-type=\"widget\" data-widget_type=\"text-editor.default\">\n\t\t\t\t<div class=\"elementor-widget-container\">\n\t\t\t\t\t\t\t\t\t<p data-start=\"1951\" data-end=\"2206\">Avec plus de 300 jours de soleil par an et des hivers doux, La Carihuela est une destination attrayante tout au long de l'ann\u00e9e. Que vous veniez pour des vacances d'\u00e9t\u00e9 \u00e0 la plage, des vacances d'automne en ville ou des vacances d'hiver au soleil, ici, chaque jour ressemble \u00e0 des vacances.<\/p>\t\t\t\t\t\t\t\t<\/div>\n\t\t\t\t<\/div>\n\t\t\t\t\t<\/div>\n\t\t<\/div>\n\t\t\t\t<div class=\"elementor-column elementor-col-50 elementor-top-column elementor-element elementor-element-30b1a6f\" data-id=\"30b1a6f\" data-element_type=\"column\" data-e-type=\"column\">\n\t\t\t<div class=\"elementor-widget-wrap elementor-element-populated\">\n\t\t\t\t\t\t<div class=\"elementor-element elementor-element-c4a7385 elementor-widget elementor-widget-image\" data-id=\"c4a7385\" data-element_type=\"widget\" data-e-type=\"widget\" data-widget_type=\"image.default\">\n\t\t\t\t<div class=\"elementor-widget-container\">\n\t\t\t\t\t\t\t\t\t\t\t\t\t\t\t<img decoding=\"async\" width=\"800\" height=\"800\" src=\"https:\/\/sunsandsrentals.com\/wp-content\/uploads\/2025\/05\/Carihuela-3.jpg\" class=\"attachment-large size-large wp-image-384\" alt=\"\" srcset=\"https:\/\/sunsandsrentals.com\/wp-content\/uploads\/2025\/05\/Carihuela-3.jpg 800w, https:\/\/sunsandsrentals.com\/wp-content\/uploads\/2025\/05\/Carihuela-3-300x300.jpg 300w, https:\/\/sunsandsrentals.com\/wp-content\/uploads\/2025\/05\/Carihuela-3-150x150.jpg 150w, https:\/\/sunsandsrentals.com\/wp-content\/uploads\/2025\/05\/Carihuela-3-768x768.jpg 768w, https:\/\/sunsandsrentals.com\/wp-content\/uploads\/2025\/05\/Carihuela-3-75x75.jpg 75w\" sizes=\"(max-width: 800px) 100vw, 800px\" \/>\t\t\t\t\t\t\t\t\t\t\t\t\t\t\t<\/div>\n\t\t\t\t<\/div>\n\t\t\t\t\t<\/div>\n\t\t<\/div>\n\t\t\t\t\t<\/div>\n\t\t<\/section>\n\t\t\t\t<section class=\"elementor-section elementor-top-section elementor-element elementor-element-a38c966 elementor-section-boxed elementor-section-height-default elementor-section-height-default elementor-invisible\" data-id=\"a38c966\" data-element_type=\"section\" data-e-type=\"section\" data-settings=\"{&quot;animation&quot;:&quot;fadeIn&quot;}\">\n\t\t\t\t\t\t<div class=\"elementor-container elementor-column-gap-default\">\n\t\t\t\t\t<div class=\"elementor-column elementor-col-50 elementor-top-column elementor-element elementor-element-7992a91\" data-id=\"7992a91\" data-element_type=\"column\" data-e-type=\"column\">\n\t\t\t<div class=\"elementor-widget-wrap elementor-element-populated\">\n\t\t\t\t\t\t<div class=\"elementor-element elementor-element-6aba3f6 elementor-widget elementor-widget-image\" data-id=\"6aba3f6\" data-element_type=\"widget\" data-e-type=\"widget\" data-widget_type=\"image.default\">\n\t\t\t\t<div class=\"elementor-widget-container\">\n\t\t\t\t\t\t\t\t\t\t\t\t\t\t\t<img loading=\"lazy\" decoding=\"async\" width=\"800\" height=\"800\" src=\"https:\/\/sunsandsrentals.com\/wp-content\/uploads\/2025\/05\/Carihuela-4.jpg\" class=\"attachment-large size-large wp-image-385\" alt=\"\" srcset=\"https:\/\/sunsandsrentals.com\/wp-content\/uploads\/2025\/05\/Carihuela-4.jpg 800w, https:\/\/sunsandsrentals.com\/wp-content\/uploads\/2025\/05\/Carihuela-4-300x300.jpg 300w, https:\/\/sunsandsrentals.com\/wp-content\/uploads\/2025\/05\/Carihuela-4-150x150.jpg 150w, https:\/\/sunsandsrentals.com\/wp-content\/uploads\/2025\/05\/Carihuela-4-768x768.jpg 768w, https:\/\/sunsandsrentals.com\/wp-content\/uploads\/2025\/05\/Carihuela-4-75x75.jpg 75w\" sizes=\"(max-width: 800px) 100vw, 800px\" \/>\t\t\t\t\t\t\t\t\t\t\t\t\t\t\t<\/div>\n\t\t\t\t<\/div>\n\t\t\t\t\t<\/div>\n\t\t<\/div>\n\t\t\t\t<div class=\"elementor-column elementor-col-50 elementor-top-column elementor-element elementor-element-010c302\" data-id=\"010c302\" data-element_type=\"column\" data-e-type=\"column\">\n\t\t\t<div class=\"elementor-widget-wrap elementor-element-populated\">\n\t\t\t\t\t\t<div class=\"elementor-element elementor-element-8722d9d elementor-widget elementor-widget-heading\" data-id=\"8722d9d\" data-element_type=\"widget\" data-e-type=\"widget\" data-widget_type=\"heading.default\">\n\t\t\t\t<div class=\"elementor-widget-container\">\n\t\t\t\t\t<h2 class=\"elementor-heading-title elementor-size-default\">Faites-en l'exp\u00e9rience vous-m\u00eame<\/h2>\t\t\t\t<\/div>\n\t\t\t\t<\/div>\n\t\t\t\t<div class=\"elementor-element elementor-element-4d608f9 elementor-widget elementor-widget-text-editor\" data-id=\"4d608f9\" data-element_type=\"widget\" data-e-type=\"widget\" data-widget_type=\"text-editor.default\">\n\t\t\t\t<div class=\"elementor-widget-container\">\n\t\t\t\t\t\t\t\t\t<p>La Carihuela allie d\u00e9tente, culture et gastronomie dans un cadre atmosph\u00e9rique en bord de mer. Que vous recherchiez la tranquillit\u00e9, le romantisme ou l'animation, vous trouverez tout cela dans cette station de caract\u00e8re.<\/p><p>Laissez-vous s\u00e9duire par le charme de La Carihuela - votre place au soleil !<\/p>\t\t\t\t\t\t\t\t<\/div>\n\t\t\t\t<\/div>\n\t\t\t\t\t<\/div>\n\t\t<\/div>\n\t\t\t\t\t<\/div>\n\t\t<\/section>\n\t\t\t\t<section class=\"elementor-section elementor-top-section elementor-element elementor-element-7441140 elementor-section-stretched elementor-section-boxed elementor-section-height-default elementor-section-height-default elementor-invisible\" data-id=\"7441140\" data-element_type=\"section\" data-e-type=\"section\" data-settings=\"{&quot;stretch_section&quot;:&quot;section-stretched&quot;,&quot;background_background&quot;:&quot;classic&quot;,&quot;animation&quot;:&quot;fadeIn&quot;}\">\n\t\t\t\t\t\t\t<div class=\"elementor-background-overlay\"><\/div>\n\t\t\t\t\t\t\t<div class=\"elementor-container elementor-column-gap-default\">\n\t\t\t\t\t<div class=\"elementor-column elementor-col-100 elementor-top-column elementor-element elementor-element-243944d\" data-id=\"243944d\" data-element_type=\"column\" data-e-type=\"column\">\n\t\t\t<div class=\"elementor-widget-wrap elementor-element-populated\">\n\t\t\t\t\t\t<div class=\"elementor-element elementor-element-7a01fe5 elementor-widget elementor-widget-heading\" data-id=\"7a01fe5\" data-element_type=\"widget\" data-e-type=\"widget\" data-widget_type=\"heading.default\">\n\t\t\t\t<div class=\"elementor-widget-container\">\n\t\t\t\t\t<h2 class=\"elementor-heading-title elementor-size-default\">Curieux d'en savoir plus ?<\/h2>\t\t\t\t<\/div>\n\t\t\t\t<\/div>\n\t\t\t\t<div class=\"elementor-element elementor-element-7d5e404 elementor-widget elementor-widget-text-editor\" data-id=\"7d5e404\" data-element_type=\"widget\" data-e-type=\"widget\" data-widget_type=\"text-editor.default\">\n\t\t\t\t<div class=\"elementor-widget-container\">\n\t\t\t\t\t\t\t\t\t<p>Vous cherchez plus d'informations sur les appartements, les disponibilit\u00e9s ou les environs, par exemple ? <br \/>Nous serons heureux de vous aider. Vous pouvez nous contacter en vous rendant sur la page de contact :<\/p>\t\t\t\t\t\t\t\t<\/div>\n\t\t\t\t<\/div>\n\t\t\t\t<div class=\"elementor-element elementor-element-3b770e7 elementor-align-center elementor-widget elementor-widget-button\" data-id=\"3b770e7\" data-element_type=\"widget\" data-e-type=\"widget\" data-widget_type=\"button.default\">\n\t\t\t\t<div class=\"elementor-widget-container\">\n\t\t\t\t\t\t\t\t\t<div class=\"elementor-button-wrapper\">\n\t\t\t\t\t<a class=\"elementor-button elementor-button-link elementor-size-sm elementor-animation-grow\" href=\"https:\/\/sunsandsrentals.com\/fr\/contact\/\">\n\t\t\t\t\t\t<span class=\"elementor-button-content-wrapper\">\n\t\t\t\t\t\t\t\t\t<span class=\"elementor-button-text\">Contact<\/span>\n\t\t\t\t\t<\/span>\n\t\t\t\t\t<\/a>\n\t\t\t\t<\/div>\n\t\t\t\t\t\t\t\t<\/div>\n\t\t\t\t<\/div>\n\t\t\t\t\t<\/div>\n\t\t<\/div>\n\t\t\t\t\t<\/div>\n\t\t<\/section>\n\t\t\t\t<\/div>","protected":false},"excerpt":{"rendered":"<p>Discover La Carihuela La Carihuela, gelegen in het levendige Torremolinos aan de Costa del Sol, is een charmante badplaats met een rijke geschiedenis, een relaxte sfeer en een van de beste strandervaringen van Zuid-Spanje. Ooit een rustig vissersdorp, is het nu uitgegroeid tot een geliefde vakantiebestemming \u2013 zonder haar authentieke karakter te verliezen. Zon, Zee [&hellip;]<\/p>\n","protected":false},"author":1,"featured_media":0,"parent":0,"menu_order":0,"comment_status":"closed","ping_status":"closed","template":"elementor_header_footer","meta":{"_genesis_hide_title":false,"_genesis_hide_breadcrumbs":false,"_genesis_hide_singular_image":false,"_genesis_hide_footer_widgets":false,"_genesis_custom_body_class":"","_genesis_custom_post_class":"","_genesis_layout":"","footnotes":""},"class_list":{"0":"post-372","1":"page","2":"type-page","3":"status-publish","5":"entry"},"_links":{"self":[{"href":"https:\/\/sunsandsrentals.com\/fr\/wp-json\/wp\/v2\/pages\/372","targetHints":{"allow":["GET"]}}],"collection":[{"href":"https:\/\/sunsandsrentals.com\/fr\/wp-json\/wp\/v2\/pages"}],"about":[{"href":"https:\/\/sunsandsrentals.com\/fr\/wp-json\/wp\/v2\/types\/page"}],"author":[{"embeddable":true,"href":"https:\/\/sunsandsrentals.com\/fr\/wp-json\/wp\/v2\/users\/1"}],"replies":[{"embeddable":true,"href":"https:\/\/sunsandsrentals.com\/fr\/wp-json\/wp\/v2\/comments?post=372"}],"version-history":[{"count":13,"href":"https:\/\/sunsandsrentals.com\/fr\/wp-json\/wp\/v2\/pages\/372\/revisions"}],"predecessor-version":[{"id":460,"href":"https:\/\/sunsandsrentals.com\/fr\/wp-json\/wp\/v2\/pages\/372\/revisions\/460"}],"wp:attachment":[{"href":"https:\/\/sunsandsrentals.com\/fr\/wp-json\/wp\/v2\/media?parent=372"}],"curies":[{"name":"wp","href":"https:\/\/api.w.org\/{rel}","templated":true}]}}